{"id":928,"date":"2022-05-25T10:56:02","date_gmt":"2022-05-25T08:56:02","guid":{"rendered":"https:\/\/netphen.projekt-lokal-digital.de\/?page_id=928"},"modified":"2026-02-23T13:21:01","modified_gmt":"2026-02-23T12:21:01","slug":"seniorenbuero_netphen","status":"publish","type":"page","link":"https:\/\/lokaldigital.netphen.de\/?page_id=928","title":{"rendered":"Seniorenb\u00fcro der Stadt Netphen"},"content":{"rendered":"\n<h2 class=\"wp-block-heading has-palette-color-8-color has-palette-color-1-background-color has-text-color has-background\">Seniorenb\u00fcro der Stadt Netphen<\/h2>\n\n\n\n<figure class=\"wp-block-image aligncenter size-large\"><img loading=\"lazy\" decoding=\"async\" width=\"1024\" height=\"614\" src=\"https:\/\/lokaldigital.netphen.de\/wp-content\/uploads\/2023\/05\/customcolor_logo_transparent_background-1024x614.png\" alt=\"\" class=\"wp-image-2857\" srcset=\"https:\/\/lokaldigital.netphen.de\/wp-content\/uploads\/2023\/05\/customcolor_logo_transparent_background-1024x614.png 1024w, https:\/\/lokaldigital.netphen.de\/wp-content\/uploads\/2023\/05\/customcolor_logo_transparent_background-300x180.png 300w, https:\/\/lokaldigital.netphen.de\/wp-content\/uploads\/2023\/05\/customcolor_logo_transparent_background-768x461.png 768w, https:\/\/lokaldigital.netphen.de\/wp-content\/uploads\/2023\/05\/customcolor_logo_transparent_background-1536x922.png 1536w, https:\/\/lokaldigital.netphen.de\/wp-content\/uploads\/2023\/05\/customcolor_logo_transparent_background-2048x1229.png 2048w\" sizes=\"auto, (max-width: 1024px) 100vw, 1024px\" \/><figcaption class=\"wp-element-caption\">Logo Seniorenb\u00fcro Netphen<\/figcaption><\/figure>\n\n\n\n<p class=\"has-palette-color-1-color has-text-color has-medium-font-size\"><strong>Ihr Ansprechpartner<\/strong><\/p>\n\n\n\n<p>Es ist der Wunsch der meisten Menschen, bis ins hohe Alter selbstbestimmt zu Hause im vertrauten Wohnumfeld zu leben. Vor allem allein lebende Menschen, aber auch pflegende Angeh\u00f6rige sind mit den Hindernissen des Alltags oftmals \u00fcberfordert. Dann sind kompetente Beratung und schnelle Hilfe vor Ort gefragt.<\/p>\n\n\n\n<figure class=\"wp-block-image aligncenter size-large\"><img loading=\"lazy\" decoding=\"async\" width=\"1024\" height=\"682\" src=\"https:\/\/lokaldigital.netphen.de\/wp-content\/uploads\/2022\/07\/Fotolia_71820025_M-1024x682.jpg\" alt=\"\u00c4lteres Paar im Herbst\" class=\"wp-image-1691\" srcset=\"https:\/\/lokaldigital.netphen.de\/wp-content\/uploads\/2022\/07\/Fotolia_71820025_M-1024x682.jpg 1024w, https:\/\/lokaldigital.netphen.de\/wp-content\/uploads\/2022\/07\/Fotolia_71820025_M-300x200.jpg 300w, https:\/\/lokaldigital.netphen.de\/wp-content\/uploads\/2022\/07\/Fotolia_71820025_M-768x511.jpg 768w, https:\/\/lokaldigital.netphen.de\/wp-content\/uploads\/2022\/07\/Fotolia_71820025_M-1536x1022.jpg 1536w, https:\/\/lokaldigital.netphen.de\/wp-content\/uploads\/2022\/07\/Fotolia_71820025_M.jpg 1690w\" sizes=\"auto, (max-width: 1024px) 100vw, 1024px\" \/><figcaption class=\"wp-element-caption\">\u00c4lteres Paar im Herbst, (C) Fotolia_71820025<\/figcaption><\/figure>\n\n\n\n<p>Das Seniorenb\u00fcro der Stadt Netphen ist f\u00fcr \u00e4ltere B\u00fcrgerinnen und B\u00fcrger, Pflegebed\u00fcrftige und deren Angeh\u00f6rige erste zentrale Anlaufstelle und pers\u00f6nlicher Ansprechpartner. Die kostenlose, unabh\u00e4ngige und vertrauliche Beratung und Information zu Fragen rund ums Alter und \u00c4lterwerden erfolgt entweder im pers\u00f6nlichen Gespr\u00e4ch oder am Telefon. Um Terminvereinbarung wird gebeten.<\/p>\n\n\n\n<hr class=\"wp-block-separator has-text-color has-palette-color-3-color has-alpha-channel-opacity has-palette-color-3-background-color has-background is-style-wide\"\/>\n\n\n\n<p class=\"has-palette-color-1-color has-text-color\"><strong>Das Seniorenb\u00fcro informiert \u00fcber:<\/strong><\/p>\n\n\n\n<ul class=\"wp-block-list\">\n<li>Angelegenheiten der Alltagsbew\u00e4ltigung wie Mahlzeitendienste, Besuchs- und Begleitdienste, Hausnotrufsysteme, Hilfe im Haushalt u. v. m.<\/li>\n<\/ul>\n\n\n\n<ul class=\"wp-block-list\">\n<li>ambulanten, teilstation\u00e4ren und station\u00e4ren Angeboten im Bereich der Pflege<\/li>\n<\/ul>\n\n\n\n<ul class=\"wp-block-list\">\n<li>Begegnungs-, Bildungs- und Freizeitangeboten<\/li>\n<\/ul>\n\n\n\n<ul class=\"wp-block-list\">\n<li>Vorsorgevollmacht <\/li>\n<\/ul>\n\n\n\n<ul class=\"wp-block-list\">\n<li>erg\u00e4nzende Beratungsstellen<\/li>\n<\/ul>\n\n\n\n<hr class=\"wp-block-separator has-text-color has-palette-color-3-color has-alpha-channel-opacity has-palette-color-3-background-color has-background is-style-wide\"\/>\n\n\n\n<p class=\"has-palette-color-1-color has-text-color\"><strong>Das Seniorenb\u00fcro organisiert:<\/strong><\/p>\n\n\n\n<ul class=\"wp-block-list\">\n<li>Vortr\u00e4ge und Veranstaltungen zu altersspezifischen Themen<\/li>\n<\/ul>\n\n\n\n<ul class=\"wp-block-list\">\n<li>Projekte f\u00fcr und mit \u00e4lteren Menschen<\/li>\n<\/ul>\n\n\n\n<hr class=\"wp-block-separator has-text-color has-palette-color-3-color has-alpha-channel-opacity has-palette-color-3-background-color has-background is-style-wide\"\/>\n\n\n\n<p class=\"has-palette-color-1-color has-text-color\"><strong>Das Seniorenb\u00fcro stellt bei Bedarf Kontakt her:<\/strong><\/p>\n\n\n\n<ul class=\"wp-block-list\">\n<li>zu Anbietern vor Ort<\/li>\n<\/ul>\n\n\n\n<ul class=\"wp-block-list\">\n<li>Beratungsstellen zu spezifischen Themen<\/li>\n<\/ul>\n\n\n\n<hr class=\"wp-block-separator has-text-color has-palette-color-3-color has-alpha-channel-opacity has-palette-color-3-background-color has-background is-style-wide\"\/>\n\n\n\n<p class=\"has-palette-color-1-color has-text-color\"><strong>Das Seniorenb\u00fcro freut sich:<\/strong><\/p>\n\n\n\n<ul class=\"wp-block-list\">\n<li>\u00fcber Anregungen und W\u00fcnsche<\/li>\n<\/ul>\n\n\n\n<p class=\"has-palette-color-8-color has-palette-color-1-background-color has-text-color has-background\">Kontakt zum Seniorenb\u00fcro Netphen<br><strong>Frau Grieger<\/strong><br>Amtsstra\u00dfe 2+6, 57250 Netphen, Raum: 1003<br>Telefon: 02738 &#8211; 603-145<br>E-Mail: <a href=\"mailto:seniorenbuero@netphen.de\"><mark style=\"background-color:rgba(0, 0, 0, 0)\" class=\"has-inline-color has-palette-color-8-color\">senioren@netphen.de<\/mark> <\/a><br><a href=\"https:\/\/www.netphen.de\/Bildung-Soziales\/Soziales\/Senioren\" target=\"_blank\" rel=\"noreferrer noopener\"><mark style=\"background-color:rgba(0, 0, 0, 0)\" class=\"has-inline-color has-palette-color-8-color\">https:\/\/www.netphen.de\/leben-gemeinschaft\/\u00e4lter-werden\/<\/mark><\/a><\/p>\n","protected":false},"excerpt":{"rendered":"<p>Seniorenb\u00fcro der Stadt Netphen Ihr Ansprechpartner Es ist der Wunsch der meisten Menschen, bis ins hohe Alter selbstbestimmt zu Hause im vertrauten Wohnumfeld zu leben. Vor allem allein lebende Menschen, aber auch pflegende Angeh\u00f6rige sind mit den Hindernissen des Alltags oftmals \u00fcberfordert. Dann sind kompetente Beratung und schnelle Hilfe vor Ort gefragt. Das Seniorenb\u00fcro der [&hellip;]<\/p>\n","protected":false},"author":10,"featured_media":0,"parent":0,"menu_order":0,"comment_status":"closed","ping_status":"closed","template":"","meta":{"footnotes":""},"class_list":["post-928","page","type-page","status-publish","hentry"],"blocksy_meta":{"styles_descriptor":{"styles":{"desktop":"","tablet":"","mobile":""},"google_fonts":[],"version":6}},"_links":{"self":[{"href":"https:\/\/lokaldigital.netphen.de\/index.php?rest_route=\/wp\/v2\/pages\/928","targetHints":{"allow":["GET"]}}],"collection":[{"href":"https:\/\/lokaldigital.netphen.de\/index.php?rest_route=\/wp\/v2\/pages"}],"about":[{"href":"https:\/\/lokaldigital.netphen.de\/index.php?rest_route=\/wp\/v2\/types\/page"}],"author":[{"embeddable":true,"href":"https:\/\/lokaldigital.netphen.de\/index.php?rest_route=\/wp\/v2\/users\/10"}],"replies":[{"embeddable":true,"href":"https:\/\/lokaldigital.netphen.de\/index.php?rest_route=%2Fwp%2Fv2%2Fcomments&post=928"}],"version-history":[{"count":9,"href":"https:\/\/lokaldigital.netphen.de\/index.php?rest_route=\/wp\/v2\/pages\/928\/revisions"}],"predecessor-version":[{"id":3268,"href":"https:\/\/lokaldigital.netphen.de\/index.php?rest_route=\/wp\/v2\/pages\/928\/revisions\/3268"}],"wp:attachment":[{"href":"https:\/\/lokaldigital.netphen.de\/index.php?rest_route=%2Fwp%2Fv2%2Fmedia&parent=928"}],"curies":[{"name":"wp","href":"https:\/\/api.w.org\/{rel}","templated":true}]}}