{"id":826,"date":"2022-05-19T17:37:10","date_gmt":"2022-05-19T15:37:10","guid":{"rendered":"https:\/\/netphen.projekt-lokal-digital.de\/?page_id=826"},"modified":"2026-02-26T13:50:07","modified_gmt":"2026-02-26T12:50:07","slug":"gesundheitspraevention","status":"publish","type":"page","link":"https:\/\/lokaldigital.netphen.de\/?page_id=826","title":{"rendered":"Unterst\u00fctzung im Alltag"},"content":{"rendered":"\n<h2 class=\"wp-block-heading has-palette-color-6-background-color has-background\">Unterst\u00fctzung im Alltag<\/h2>\n\n\n\n<h2 class=\"wp-block-heading\">Hilfe ja &#8211; Pflege nein<\/h2>\n\n\n\n<p>Mit zunehmendem Alter und\/oder diversen Einschr\u00e4nkungen kann die selbstst\u00e4ndige Gestaltung des Alltages sowohl f\u00fcr die Betroffenen selbst als auch f\u00fcr deren Angeh\u00f6rige zunehmend schwieriger werden. Nicht immer liegt direkt eine Pflegebed\u00fcrftigkeit in hohem Ma\u00dfe vor. <br>Meist wird der Bedarf im Bereich der Begleitung zum Arzt oder dem Einkauf, der Unterst\u00fctzung im Haushalt oder der Betreuung definiert, sodass die Beauftragung eines Pflegedienstes noch nicht notwendig ist.<\/p>\n\n\n\n<h3 class=\"wp-block-heading\">Unterst\u00fctzung im Alltag &#8211; was ist das?<\/h3>\n\n\n\n<p>Unterst\u00fctzung im Alltag ist in \u00a7 45a Elftes Sozialgesetzbuch (SGB XI) verankert, es handelt sich um Leistungen zur Entlastung von Pflegepersonen und Menschen mit Einschr\u00e4nkungen. Diesen soll erm\u00f6glicht werden, ihren Alltag in ihrer h\u00e4uslichen Umgebung so lange wie m\u00f6glich selbstbestimmt aufrechtzuerhalten, soziale Kontakte zu pflegen und am gesellschaftlichen leben teilzunehmen.<br><br>Unterst\u00fctzung im Alltag kann sich aus folgenden Schwerpunkten zusammensetzen:<\/p>\n\n\n\n<ul class=\"wp-block-list\">\n<li>Betreuungsangebote (z. B. Betreuungsgruppen, Einzelbetreuung)<\/li>\n\n\n\n<li>Entlastung von Pflegenden <\/li>\n\n\n\n<li>Entlastung im Alltag (z. B. Haushaltsf\u00fchrung)<\/li>\n<\/ul>\n\n\n\n<p>Alle Anbieter von Unterst\u00fctzung im Alltag unterstehen der Anerkennung ihrer Angebote durch die Zust\u00e4ndige Beh\u00f6rde; f\u00fcr Netphen ist dies der Kreis Siegen-Wittgenstein. Das Angebot wird j\u00e4hrlich \u00fcberpr\u00fcft und bewilligt, wodurch eine Qualit\u00e4tssicherung gew\u00e4hrleistet ist.<\/p>\n\n\n\n<p>Die Senioren- und Pflegeberatung des Kreises Siegen-Wittgenstein h\u00e4lt auf ihrer Homepage eine Liste aller im Kreisgebiet ans\u00e4ssigen anerkannten Dienstleister zur Unterst\u00fctzung im Alltag bereit:<\/p>\n\n\n\n<p class=\"has-white-color has-palette-color-6-background-color has-text-color has-background\"><a href=\"https:\/\/www.siegen-wittgenstein.de\/Kurzmen%C3%BC\/Sitemap\/index.php?NavID=2170.244.1\">Senioren- und Pflegeberatung \/ Kreis Siegen-Wittgenstein<\/a><\/p>\n\n\n\n<h3 class=\"wp-block-heading\">Kosten\u00fcbernahme<\/h3>\n\n\n\n<p>Menschen mit einem anerkannten Pflegegrad steht ein monatlicher Entlastungsbetrag in H\u00f6he von 131,00 \u20ac (Stand 2025) zu. Hierbei ist die H\u00f6he des Pflegegrades unerheblich. Durch den Kreis Siegen-Wittgenstein anerkannte Dienstleister k\u00f6nnten \u00fcber diesen Betrag abrechnen. N\u00e4here Informationen finden Sie unter:<\/p>\n\n\n\n<p class=\"has-white-color has-palette-color-6-background-color has-text-color has-background\"><a href=\"https:\/\/www.bundesgesundheitsministerium.de\/entlastungsbetrag.html\">Entlastungsbetrag und Unterst\u00fctzungsangebote (bundesgesundheitsministerium.de<\/a>).<\/p>\n\n\n\n<h2 class=\"wp-block-heading\">Beitr\u00e4ge zur Unterst\u00fctzung im Alltag<\/h2>\n\n\n\n<hr class=\"wp-block-separator has-text-color has-palette-color-3-color has-alpha-channel-opacity has-palette-color-3-background-color has-background is-style-wide\"\/>\n\n\n<ul class=\"wp-block-latest-posts__list wp-block-latest-posts\"><\/ul>\n\n\n<h2 class=\"wp-block-heading has-palette-color-6-background-color has-background\">H\u00e4ufig gestellte Fragen zur Unterst\u00fctzung im Alltag<\/h2>\n\n\n\n<p>Unten finden Sie h\u00e4ufig gestellte Fragen welche der Kategorie &#8222;Gesundheit&#8220; zugeordnet sind. Falls Sie weitergehende Fragen haben, schauen Sie sich gerne die FAQ-\u00dcbersicht an.<\/p>\n\n\n\n<div class=\"wp-block-buttons is-layout-flex wp-block-buttons-is-layout-flex\">\n<div class=\"wp-block-button\"><a class=\"wp-block-button__link has-palette-color-3-color has-palette-color-6-background-color has-text-color has-background wp-element-button\" href=\"https:\/\/lokaldigital.netphen.de\/?page_id=1311\">zur FAQ-\u00dcbersicht<\/a><\/div>\n<\/div>\n\n\n<div  class=\"ewd-ufaq-faq-list ewd-ufaq-page-type-distinct ewd-ufaq-category-tabs-\" id='ewd-ufaq-faq-list'>\n\n\t<input type='hidden' name='show_on_load' value='' id='ewd-ufaq-show-on-load' \/>\n<input type='hidden' name='include_category' value='pflege,gesundheit,alltagsunterstuetzung' id='ewd-ufaq-include-category' \/>\n<input type='hidden' name='exclude_category' value='' id='ewd-ufaq-exclude-category' \/>\n<input type='hidden' name='orderby' value='title' id='ewd-ufaq-orderby' \/>\n<input type='hidden' name='order' value='asc' id='ewd-ufaq-order' \/>\n<input type='hidden' name='post_count' value='-1' id='ewd-ufaq-post-count' \/>\n<input type='hidden' name='current_url' value='\/index.php?rest_route=%2Fwp%2Fv2%2Fpages%2F826' id='ewd-ufaq-current-url' \/>\n\t\n\t\n\t<div class='ewd-ufaq-faqs'>\n\n\t\t<div  class=\"ewd-ufaq-faq-div ewd-ufaq-faq-column-count-one ewd-ufaq-faq-responsive-columns- ewd-ufaq-faq-display-style-default ewd-ufaq-can-be-toggled\" id='ewd-ufaq-post-3209-xE7BGU93OZ' data-post_id='3209'>\n\n\t\t\n\t<div class='ewd-ufaq-faq-title ewd-ufaq-faq-toggle'>\n\t\n\t<a class='ewd-ufaq-post-margin'  href='#' role=\"button\">\n\n\t\t<div class='ewd-ufaq-post-margin-symbol ewd-ufaq-'>\n\t\t\t<span >a<\/span>\n\t\t<\/div>\n\n\t\t<div class='ewd-ufaq-faq-title-text'>\n\n\t\t\t<h4>\n\t\t\t\tBarrierefreier Umbau &#8211; Wo bekomme ich Unterst\u00fctzung?\t\t\t<\/h4>\n\n\t\t<\/div>\n\n\t\t<div class='ewd-ufaq-clear'><\/div>\n\n\t<\/a>\n\t\n<\/div>\n\t\n\t<div class='ewd-ufaq-faq-body ewd-ufaq-hidden' >\n\n\t\t\n\t\t\t<div class='ewd-ufaq-faq-categories'>\n\t\n\tCategories:\n\t\n\t\t<a href=\"https:\/\/lokaldigital.netphen.de\/?ufaq=wo-finde-ich-hilfe-fuer-den-haushalt&amp;include_category=gesundheit\">Gesundheit<\/a>\n\t\n\t\t<a href=\"https:\/\/lokaldigital.netphen.de\/?ufaq=wo-finde-ich-hilfe-fuer-den-haushalt&amp;include_category=handwerk\">Handwerk<\/a>\n\t\n\t\t<a href=\"https:\/\/lokaldigital.netphen.de\/?ufaq=wo-finde-ich-hilfe-fuer-den-haushalt&amp;include_category=wohnen-und-leben\">Wohnen und Leben<\/a>\n\t\n<\/div>\n\t\t\n\t\t\t<div class='ewd-ufaq-post-margin ewd-ufaq-faq-post'>\n\t\n<p>Umbauma\u00dfnahmen sind oft aufw\u00e4ndig und kostspielig. Im h\u00f6heren Alter und oftmals begleitet mit k\u00f6rperlichen Einschr\u00e4nkung ist eine Anpassung der Wohnsituation auf Barrierefreiheit in den meisten F\u00e4llen aber unumg\u00e4nglich, um lange im eigenen Wohnumfeld wohnen zu bleiben. Einen ersten \u00dcberblick, was alle m\u00f6glich oder sinnvoll ist, und welche Finanzierungsm\u00f6glichkeiten bestehen, gibt Ihnen die Wohnberatung Siegen-Wittgenstein e. V.<br>Ein kostenloses Beratungsgespr\u00e4ch finden bei Ihnen zu Hause und vor Ort statt, sodass die Beratung zielgerichtet und anhand Ihrer Situation erfolgen kann.<\/p>\n\n\n\n<p>Dar\u00fcber hinaus gehende Informationen und Kontakte finden Sie im Reiter<\/p>\n\n\n\n<div class=\"wp-block-buttons is-layout-flex wp-block-buttons-is-layout-flex\">\n<div class=\"wp-block-button\"><a class=\"wp-block-button__link has-palette-color-5-background-color has-background wp-element-button\">Wohnen und Leben<\/a><\/div>\n<\/div>\n<\/div>\n\t\t\n\t\t\t\n\t\t\n\t\t\t\n\t\t\n\t\t\t<div class='ewd-ufaq-faq-tags'>\n\t\n\tTags:\t\n\t\n\t\t<a href=\"https:\/\/lokaldigital.netphen.de\/?ufaq=wo-finde-ich-hilfe-fuer-den-haushalt&amp;include_tag=barrierefrei\">barrierefrei<\/a>, \n\t\n\t\t<a href=\"https:\/\/lokaldigital.netphen.de\/?ufaq=wo-finde-ich-hilfe-fuer-den-haushalt&amp;include_tag=umbau\">Umbau<\/a>\n\t\n<\/div>\n\t\t\n\t\t\t\n\t\t\n\t\t\t\n\t\t\n\t\t\t\n\t\t\n\t\t\t\n\t\t\n\t\t\t\n\t\t\n\t<\/div>\n\n<\/div><div  class=\"ewd-ufaq-faq-div ewd-ufaq-faq-column-count-one ewd-ufaq-faq-responsive-columns- ewd-ufaq-faq-display-style-default ewd-ufaq-can-be-toggled\" id='ewd-ufaq-post-1316-CQ88RbCC3j' data-post_id='1316'>\n\n\t\t\n\t<div class='ewd-ufaq-faq-title ewd-ufaq-faq-toggle'>\n\t\n\t<a class='ewd-ufaq-post-margin'  href='#' role=\"button\">\n\n\t\t<div class='ewd-ufaq-post-margin-symbol ewd-ufaq-'>\n\t\t\t<span >a<\/span>\n\t\t<\/div>\n\n\t\t<div class='ewd-ufaq-faq-title-text'>\n\n\t\t\t<h4>\n\t\t\t\tWas findet man in der Kategorie &#8222;Gesundheit&#8220;?\t\t\t<\/h4>\n\n\t\t<\/div>\n\n\t\t<div class='ewd-ufaq-clear'><\/div>\n\n\t<\/a>\n\t\n<\/div>\n\t\n\t<div class='ewd-ufaq-faq-body ewd-ufaq-hidden' >\n\n\t\t\n\t\t\t<div class='ewd-ufaq-faq-categories'>\n\t\n\tCategory:\n\t\n\t\t<a href=\"https:\/\/lokaldigital.netphen.de\/?ufaq=wo-finde-ich-hilfe-fuer-den-haushalt&amp;include_category=gesundheit\">Gesundheit<\/a>\n\t\n<\/div>\n\t\t\n\t\t\t<div class='ewd-ufaq-post-margin ewd-ufaq-faq-post'>\n\t\n<p>In der Kategorie Gesundheit sind Hinweise und Angebote zusammengetragen welche das Themenfeld der Gesundheitspr\u00e4vention fokussieren, also dabei unterst\u00fctzen sollen, vital und fit zu altern. Dies k\u00f6nnen z.B. Sportangebote sein aber auch Angebote zur Erhaltung von geistiger Fitness. <\/p>\n\n\n\n<div class=\"wp-block-buttons is-layout-flex wp-block-buttons-is-layout-flex\">\n<div class=\"wp-block-button\"><a class=\"wp-block-button__link wp-element-button\" href=\"https:\/\/lokaldigital.netphen.de\/?page_id=826\">zur Seite &#8222;Gesundheitspr\u00e4vention&#8220;<\/a><\/div>\n<\/div>\n<\/div>\n\t\t\n\t\t\t\n\t\t\n\t\t\t\n\t\t\n\t\t\t<div class='ewd-ufaq-faq-tags'>\n\t\n\tTag:\t\n\t\n\t\t<a href=\"https:\/\/lokaldigital.netphen.de\/?ufaq=wo-finde-ich-hilfe-fuer-den-haushalt&amp;include_tag=gesundheitspraevention\">Gesundheitspr\u00e4vention<\/a>\n\t\n<\/div>\n\t\t\n\t\t\t\n\t\t\n\t\t\t\n\t\t\n\t\t\t\n\t\t\n\t\t\t\n\t\t\n\t\t\t\n\t\t\n\t<\/div>\n\n<\/div><div  class=\"ewd-ufaq-faq-div ewd-ufaq-faq-column-count-one ewd-ufaq-faq-responsive-columns- ewd-ufaq-faq-display-style-default ewd-ufaq-can-be-toggled\" id='ewd-ufaq-post-1320-xiqlyMn24t' data-post_id='1320'>\n\n\t\t\n\t<div class='ewd-ufaq-faq-title ewd-ufaq-faq-toggle'>\n\t\n\t<a class='ewd-ufaq-post-margin'  href='#' role=\"button\">\n\n\t\t<div class='ewd-ufaq-post-margin-symbol ewd-ufaq-'>\n\t\t\t<span >a<\/span>\n\t\t<\/div>\n\n\t\t<div class='ewd-ufaq-faq-title-text'>\n\n\t\t\t<h4>\n\t\t\t\tWas findet man in der Kategorie &#8222;Pflege&#8220;?\t\t\t<\/h4>\n\n\t\t<\/div>\n\n\t\t<div class='ewd-ufaq-clear'><\/div>\n\n\t<\/a>\n\t\n<\/div>\n\t\n\t<div class='ewd-ufaq-faq-body ewd-ufaq-hidden' >\n\n\t\t\n\t\t\t<div class='ewd-ufaq-faq-categories'>\n\t\n\tCategories:\n\t\n\t\t<a href=\"https:\/\/lokaldigital.netphen.de\/?ufaq=wo-finde-ich-hilfe-fuer-den-haushalt&amp;include_category=netphen\">Netphen<\/a>\n\t\n\t\t<a href=\"https:\/\/lokaldigital.netphen.de\/?ufaq=wo-finde-ich-hilfe-fuer-den-haushalt&amp;include_category=pflege\">Pflege<\/a>\n\t\n<\/div>\n\t\t\n\t\t\t<div class='ewd-ufaq-post-margin ewd-ufaq-faq-post'>\n\t\n<p>In der Kategorie Pflege sind Hinweise und Angebote zusammengetragen welche das Themenfeld der Unterst\u00fctzung in der Pflegesituation von Angeh\u00f6rigen oder betroffenen fokussieren. Dies k\u00f6nnen direkte Unterst\u00fctzungsangebote durch das <a href=\"https:\/\/netphen.projekt-lokal-digital.de\/seniorenbuero_netphen\/\">Seniorenb\u00fcro Netphen<\/a> sein, aber auch externe Angebote bei leichtem, mittleren oder schwerem Pflegebedarf.  <\/p>\n\n\n\n<div class=\"wp-block-buttons is-layout-flex wp-block-buttons-is-layout-flex\">\n<div class=\"wp-block-button\"><a class=\"wp-block-button__link wp-element-button\" href=\"https:\/\/lokaldigital.netphen.de\/?page_id=967\">zur Seite &#8222;Pflegeunterst\u00fctzung&#8220;<\/a><\/div>\n<\/div>\n<\/div>\n\t\t\n\t\t\t\n\t\t\n\t\t\t\n\t\t\n\t\t\t<div class='ewd-ufaq-faq-tags'>\n\t\n\tTags:\t\n\t\n\t\t<a href=\"https:\/\/lokaldigital.netphen.de\/?ufaq=wo-finde-ich-hilfe-fuer-den-haushalt&amp;include_tag=leichter-pflegebedarf\">Leichter Pflegebedarf<\/a>, \n\t\n\t\t<a href=\"https:\/\/lokaldigital.netphen.de\/?ufaq=wo-finde-ich-hilfe-fuer-den-haushalt&amp;include_tag=mittlerer-pflegebedarf\">Mittlerer Pflegebedarf<\/a>, \n\t\n\t\t<a href=\"https:\/\/lokaldigital.netphen.de\/?ufaq=wo-finde-ich-hilfe-fuer-den-haushalt&amp;include_tag=pflege\">Pflege<\/a>, \n\t\n\t\t<a href=\"https:\/\/lokaldigital.netphen.de\/?ufaq=wo-finde-ich-hilfe-fuer-den-haushalt&amp;include_tag=pflegeunterstuetzung\">Pflegeunterst\u00fctzung<\/a>, \n\t\n\t\t<a href=\"https:\/\/lokaldigital.netphen.de\/?ufaq=wo-finde-ich-hilfe-fuer-den-haushalt&amp;include_tag=schwerer-pflegebedarf\">Schwerer Pflegebedarf<\/a>\n\t\n<\/div>\n\t\t\n\t\t\t\n\t\t\n\t\t\t\n\t\t\n\t\t\t\n\t\t\n\t\t\t\n\t\t\n\t\t\t\n\t\t\n\t<\/div>\n\n<\/div><div  class=\"ewd-ufaq-faq-div ewd-ufaq-faq-column-count-one ewd-ufaq-faq-responsive-columns- ewd-ufaq-faq-display-style-default ewd-ufaq-can-be-toggled\" id='ewd-ufaq-post-3206-SqnnshLX1P' data-post_id='3206'>\n\n\t\t\n\t<div class='ewd-ufaq-faq-title ewd-ufaq-faq-toggle'>\n\t\n\t<a class='ewd-ufaq-post-margin'  href='#' role=\"button\">\n\n\t\t<div class='ewd-ufaq-post-margin-symbol ewd-ufaq-'>\n\t\t\t<span >a<\/span>\n\t\t<\/div>\n\n\t\t<div class='ewd-ufaq-faq-title-text'>\n\n\t\t\t<h4>\n\t\t\t\tWelche Freizeitangebote f\u00fcr Senioren gibt es in Netphen?\t\t\t<\/h4>\n\n\t\t<\/div>\n\n\t\t<div class='ewd-ufaq-clear'><\/div>\n\n\t<\/a>\n\t\n<\/div>\n\t\n\t<div class='ewd-ufaq-faq-body ewd-ufaq-hidden' >\n\n\t\t\n\t\t\t<div class='ewd-ufaq-faq-categories'>\n\t\n\tCategories:\n\t\n\t\t<a href=\"https:\/\/lokaldigital.netphen.de\/?ufaq=wo-finde-ich-hilfe-fuer-den-haushalt&amp;include_category=gesundheit\">Gesundheit<\/a>\n\t\n\t\t<a href=\"https:\/\/lokaldigital.netphen.de\/?ufaq=wo-finde-ich-hilfe-fuer-den-haushalt&amp;include_category=heimat-und-region\">Heimat und Region<\/a>\n\t\n\t\t<a href=\"https:\/\/lokaldigital.netphen.de\/?ufaq=wo-finde-ich-hilfe-fuer-den-haushalt&amp;include_category=mitwirken\">Mitwirken<\/a>\n\t\n\t\t<a href=\"https:\/\/lokaldigital.netphen.de\/?ufaq=wo-finde-ich-hilfe-fuer-den-haushalt&amp;include_category=netphen\">Netphen<\/a>\n\t\n<\/div>\n\t\t\n\t\t\t<div class='ewd-ufaq-post-margin ewd-ufaq-faq-post'>\n\t\n<p>Netphen bietet eine Reihe von Sport- und Freizeitangeboten f\u00fcr Seniorinnen und Senioren. Dies betrifft Angebote in den Bereichen Kultur, Unterhaltung, Begegnung, Sport, Information und auch das Vereinswesen. Das Seniorenb\u00fcro kann einen \u00dcberblick \u00fcber eigene sowie Angebote von weiteren Organisationen, Vereinen und mehr geben.<\/p>\n\n\n\n<p>Vereinbaren Sie einen Termin und lassen Sie sich beraten!<\/p>\n\n\n\n<p class=\"has-palette-color-6-background-color has-background\"><strong>Kontakt:<\/strong><br>Seniorenb\u00fcro Netphen<br>Frau Grieger<br>02738 603 145<br>senioren@netphen.de <br><\/p>\n<\/div>\n\t\t\n\t\t\t\n\t\t\n\t\t\t\n\t\t\n\t\t\t<div class='ewd-ufaq-faq-tags'>\n\t\n\tTags:\t\n\t\n\t\t<a href=\"https:\/\/lokaldigital.netphen.de\/?ufaq=wo-finde-ich-hilfe-fuer-den-haushalt&amp;include_tag=begegnung\">Begegnung<\/a>, \n\t\n\t\t<a href=\"https:\/\/lokaldigital.netphen.de\/?ufaq=wo-finde-ich-hilfe-fuer-den-haushalt&amp;include_tag=freizeit\">Freizeit<\/a>, \n\t\n\t\t<a href=\"https:\/\/lokaldigital.netphen.de\/?ufaq=wo-finde-ich-hilfe-fuer-den-haushalt&amp;include_tag=kultur\">Kultur<\/a>, \n\t\n\t\t<a href=\"https:\/\/lokaldigital.netphen.de\/?ufaq=wo-finde-ich-hilfe-fuer-den-haushalt&amp;include_tag=sport\">Sport<\/a>, \n\t\n\t\t<a href=\"https:\/\/lokaldigital.netphen.de\/?ufaq=wo-finde-ich-hilfe-fuer-den-haushalt&amp;include_tag=unterhaltung\">Unterhaltung<\/a>\n\t\n<\/div>\n\t\t\n\t\t\t\n\t\t\n\t\t\t\n\t\t\n\t\t\t\n\t\t\n\t\t\t\n\t\t\n\t\t\t\n\t\t\n\t<\/div>\n\n<\/div><div  class=\"ewd-ufaq-faq-div ewd-ufaq-faq-column-count-one ewd-ufaq-faq-responsive-columns- ewd-ufaq-faq-display-style-default ewd-ufaq-can-be-toggled\" id='ewd-ufaq-post-3207-SineTAQcTu' data-post_id='3207'>\n\n\t\t\n\t<div class='ewd-ufaq-faq-title ewd-ufaq-faq-toggle'>\n\t\n\t<a class='ewd-ufaq-post-margin'  href='#' role=\"button\">\n\n\t\t<div class='ewd-ufaq-post-margin-symbol ewd-ufaq-'>\n\t\t\t<span >a<\/span>\n\t\t<\/div>\n\n\t\t<div class='ewd-ufaq-faq-title-text'>\n\n\t\t\t<h4>\n\t\t\t\tWo finde ich Hilfe f\u00fcr den Haushalt?\t\t\t<\/h4>\n\n\t\t<\/div>\n\n\t\t<div class='ewd-ufaq-clear'><\/div>\n\n\t<\/a>\n\t\n<\/div>\n\t\n\t<div class='ewd-ufaq-faq-body ewd-ufaq-hidden' >\n\n\t\t\n\t\t\t<div class='ewd-ufaq-faq-categories'>\n\t\n\tCategory:\n\t\n\t\t<a href=\"https:\/\/lokaldigital.netphen.de\/?ufaq=wo-finde-ich-hilfe-fuer-den-haushalt&amp;include_category=alltagsunterstuetzung\">Unterst\u00fctzung im Alltag<\/a>\n\t\n<\/div>\n\t\t\n\t\t\t<div class='ewd-ufaq-post-margin ewd-ufaq-faq-post'>\n\t\n<p>Der Bedarf nach Unterst\u00fctzung im Haushalt wird immer gr\u00f6\u00dfer. Wurde ein Pflegegerad festgestellt kommt die Unterst\u00fctzung im Alltag in Betracht, welche mit anerkannten Dienstleistern \u00fcber den Entlastungsbetrag in H\u00f6he von 125,00 \u20ac abgerechnet werden kann.<\/p>\n\n\n\n<p>N\u00e4here Informationen zu Anbietern vor Ort gibt Ihnen das Seniorenb\u00fcro Netphen. Besuchen Sie auch die Rubrik<\/p>\n\n\n\n<div class=\"wp-block-buttons is-layout-flex wp-block-buttons-is-layout-flex\">\n<div class=\"wp-block-button\"><a class=\"wp-block-button__link wp-element-button\" href=\"https:\/\/lokaldigital.netphen.de\/?page_id=826\">&#8222;Unterst\u00fctzung im Alltag&#8220;<\/a><\/div>\n<\/div>\n\n\n\n<div class=\"wp-block-buttons is-layout-flex wp-block-buttons-is-layout-flex\">\n<div class=\"wp-block-button\"><a class=\"wp-block-button__link has-black-color has-palette-color-5-background-color has-text-color has-background wp-element-button\">Kontakt Seniorenb\u00fcro Netphen<\/a><\/div>\n<\/div>\n<\/div>\n\t\t\n\t\t\t\n\t\t\n\t\t\t\n\t\t\n\t\t\t<div class='ewd-ufaq-faq-tags'>\n\t\n\tTags:\t\n\t\n\t\t<a href=\"https:\/\/lokaldigital.netphen.de\/?ufaq=wo-finde-ich-hilfe-fuer-den-haushalt&amp;include_tag=haushaltshilfe\">Haushaltshilfe<\/a>, \n\t\n\t\t<a href=\"https:\/\/lokaldigital.netphen.de\/?ufaq=wo-finde-ich-hilfe-fuer-den-haushalt&amp;include_tag=unterstuetzung\">Unterst\u00fctzung<\/a>\n\t\n<\/div>\n\t\t\n\t\t\t\n\t\t\n\t\t\t\n\t\t\n\t\t\t\n\t\t\n\t\t\t\n\t\t\n\t\t\t\n\t\t\n\t<\/div>\n\n<\/div>\n\t<\/div>\n\n\t\n<\/div>\n\n\n<p><\/p>\n","protected":false},"excerpt":{"rendered":"<p>Unterst\u00fctzung im Alltag Hilfe ja &#8211; Pflege nein Mit zunehmendem Alter und\/oder diversen Einschr\u00e4nkungen kann die selbstst\u00e4ndige Gestaltung des Alltages sowohl f\u00fcr die Betroffenen selbst als auch f\u00fcr deren Angeh\u00f6rige zunehmend schwieriger werden. Nicht immer liegt direkt eine Pflegebed\u00fcrftigkeit in hohem Ma\u00dfe vor. Meist wird der Bedarf im Bereich der Begleitung zum Arzt oder dem [&hellip;]<\/p>\n","protected":false},"author":10,"featured_media":0,"parent":0,"menu_order":0,"comment_status":"closed","ping_status":"closed","template":"","meta":{"footnotes":""},"class_list":["post-826","page","type-page","status-publish","hentry"],"blocksy_meta":{"styles_descriptor":{"styles":{"desktop":"","tablet":"","mobile":""},"google_fonts":[],"version":6}},"_links":{"self":[{"href":"https:\/\/lokaldigital.netphen.de\/index.php?rest_route=\/wp\/v2\/pages\/826","targetHints":{"allow":["GET"]}}],"collection":[{"href":"https:\/\/lokaldigital.netphen.de\/index.php?rest_route=\/wp\/v2\/pages"}],"about":[{"href":"https:\/\/lokaldigital.netphen.de\/index.php?rest_route=\/wp\/v2\/types\/page"}],"author":[{"embeddable":true,"href":"https:\/\/lokaldigital.netphen.de\/index.php?rest_route=\/wp\/v2\/users\/10"}],"replies":[{"embeddable":true,"href":"https:\/\/lokaldigital.netphen.de\/index.php?rest_route=%2Fwp%2Fv2%2Fcomments&post=826"}],"version-history":[{"count":18,"href":"https:\/\/lokaldigital.netphen.de\/index.php?rest_route=\/wp\/v2\/pages\/826\/revisions"}],"predecessor-version":[{"id":3275,"href":"https:\/\/lokaldigital.netphen.de\/index.php?rest_route=\/wp\/v2\/pages\/826\/revisions\/3275"}],"wp:attachment":[{"href":"https:\/\/lokaldigital.netphen.de\/index.php?rest_route=%2Fwp%2Fv2%2Fmedia&parent=826"}],"curies":[{"name":"wp","href":"https:\/\/api.w.org\/{rel}","templated":true}]}}