{"id":707,"date":"2022-06-29T12:59:13","date_gmt":"2022-06-29T10:59:13","guid":{"rendered":"https:\/\/netphen.projekt-lokal-digital.de\/?page_id=707"},"modified":"2026-02-19T14:48:22","modified_gmt":"2026-02-19T13:48:22","slug":"impressum","status":"publish","type":"page","link":"https:\/\/lokaldigital.netphen.de\/?page_id=707","title":{"rendered":"Impressum"},"content":{"rendered":"\n<h1 class=\"wp-block-heading\">Impressum<\/h1>\n\n\n\n<p><strong>Redaktionell verantwortlich<\/strong><br>gem\u00e4\u00df \u00a7 5 des Telemediengesetzes und \u00a7 55 Absatz 2 des Rundfunkstaatsvertrages: Autoren, die am Ende der jeweiligen Internet-Seiten genannt sind. Daneben gibt es diverse dezentrale Angebote, z. T. auf eigenen Servern, f\u00fcr die jeweils eigene Verantwortliche ersichtlich sind.<\/p>\n\n\n\n<p><strong>Haftungsausschluss<\/strong><br>Trotz sorgf\u00e4ltiger inhaltlicher Kontrolle \u00fcbernehmen wir keine Haftung f\u00fcr die Inhalte externer Links. Sie stellen kein Angebot der Universit\u00e4t Siegen dar. F\u00fcr den Inhalt der verlinkten Seiten sind ausschlie\u00dflich deren Betreiber verantwortlich. Die Universit\u00e4t distanziert sich ausdr\u00fccklich von den Inhalten und macht sich diese in keinster Weise zu Eigen.<\/p>\n\n\n\n<p><strong>Copyright<\/strong><br>Die Urheber- und Nutzungsrechte (Copyright) f\u00fcr Texte, Grafiken, Bilder, Design und Quellcode liegen bei der Universit\u00e4t Siegen. Die Erstellung, Verwendung und Weitergabe von Kopien in elektronischer oder ausgedruckter Form bedarf der Genehmigung.<\/p>\n\n\n\n<hr class=\"wp-block-separator has-text-color has-cyan-bluish-gray-color has-alpha-channel-opacity has-cyan-bluish-gray-background-color has-background\"\/>\n\n\n\n<p><a><strong>Name und Kontaktdaten des Verantwortlichen<\/strong><\/a><\/p>\n\n\n\n<p>Stadt Netphen<\/p>\n\n\n\n<p>Amtsstra\u00dfe 2 + 6,<br>D-57250 Netphen<br>Telefon: 02738 &#8211; 603-0<br>E-Mail: <a href=\"mailto:stadt@netphen.de\">stadt@netphen.de<\/a><br><a href=\"https:\/\/www.netphen.de\">www.netphen.de<\/a><\/p>\n\n\n\n<p>Die Stadt Netphen ist eine Gebietsk\u00f6rperschaft des<br>\u00f6ffentlichen Rechts. Sie wird vertreten durch den B\u00fcrgermeister Marco M\u00fcller.<br>Umsatzsteuer-Identifikationsnummer gem\u00e4\u00df\u00a0\u00a7\u00a027 a Umsatzsteuergesetz:<br>Ust.-ID-Nr. DE126581110<\/p>\n\n\n\n<p><\/p>\n\n\n\n<hr class=\"wp-block-separator has-alpha-channel-opacity\"\/>\n","protected":false},"excerpt":{"rendered":"<p>Impressum Redaktionell verantwortlichgem\u00e4\u00df \u00a7 5 des Telemediengesetzes und \u00a7 55 Absatz 2 des Rundfunkstaatsvertrages: Autoren, die am Ende der jeweiligen Internet-Seiten genannt sind. Daneben gibt es diverse dezentrale Angebote, z. T. auf eigenen Servern, f\u00fcr die jeweils eigene Verantwortliche ersichtlich sind. HaftungsausschlussTrotz sorgf\u00e4ltiger inhaltlicher Kontrolle \u00fcbernehmen wir keine Haftung f\u00fcr die Inhalte externer Links. Sie [&hellip;]<\/p>\n","protected":false},"author":10,"featured_media":0,"parent":0,"menu_order":0,"comment_status":"closed","ping_status":"closed","template":"","meta":{"footnotes":""},"class_list":["post-707","page","type-page","status-publish","hentry"],"blocksy_meta":{"styles_descriptor":{"styles":{"desktop":"","tablet":"","mobile":""},"google_fonts":[],"version":6}},"_links":{"self":[{"href":"https:\/\/lokaldigital.netphen.de\/index.php?rest_route=\/wp\/v2\/pages\/707","targetHints":{"allow":["GET"]}}],"collection":[{"href":"https:\/\/lokaldigital.netphen.de\/index.php?rest_route=\/wp\/v2\/pages"}],"about":[{"href":"https:\/\/lokaldigital.netphen.de\/index.php?rest_route=\/wp\/v2\/types\/page"}],"author":[{"embeddable":true,"href":"https:\/\/lokaldigital.netphen.de\/index.php?rest_route=\/wp\/v2\/users\/10"}],"replies":[{"embeddable":true,"href":"https:\/\/lokaldigital.netphen.de\/index.php?rest_route=%2Fwp%2Fv2%2Fcomments&post=707"}],"version-history":[{"count":7,"href":"https:\/\/lokaldigital.netphen.de\/index.php?rest_route=\/wp\/v2\/pages\/707\/revisions"}],"predecessor-version":[{"id":3266,"href":"https:\/\/lokaldigital.netphen.de\/index.php?rest_route=\/wp\/v2\/pages\/707\/revisions\/3266"}],"wp:attachment":[{"href":"https:\/\/lokaldigital.netphen.de\/index.php?rest_route=%2Fwp%2Fv2%2Fmedia&parent=707"}],"curies":[{"name":"wp","href":"https:\/\/api.w.org\/{rel}","templated":true}]}}