{"id":2977,"date":"2023-08-23T16:10:02","date_gmt":"2023-08-23T14:10:02","guid":{"rendered":"https:\/\/lokaldigital.netphen.de\/?page_id=2977"},"modified":"2026-02-19T14:50:33","modified_gmt":"2026-02-19T13:50:33","slug":"neue-startseite-idee","status":"publish","type":"page","link":"https:\/\/lokaldigital.netphen.de\/","title":{"rendered":"Startseite"},"content":{"rendered":"\n<p>Hinweis:<\/p>\n\n\n<p id=\"matomo_opted_out_intro\" style=\"display:none;\">Opt-out complete; your visits to this website will not be recorded by the Web Analytics tool. Note that if you clear your cookies, delete the opt-out cookie, or if you change computers or Web browsers, you will need to perform the opt-out procedure again.<\/p><p id=\"matomo_opted_in_intro\" >You may choose to prevent this website from aggregating and analyzing the actions you take here. Doing so will protect your privacy, but will also prevent the owner from learning from your actions and creating a better experience for you and other users.<\/p><form>\n        <input type=\"checkbox\" id=\"matomo_optout_checkbox\" checked=\"checked\"\/>\n        <label for=\"matomo_optout_checkbox\"><strong>\n        <span id=\"matomo_opted_in_label\" >You are not opted out. Uncheck this box to opt-out.<\/span>\n\t\t<span id=\"matomo_opted_out_label\" style=\"display:none;\">You are currently opted out. Check this box to opt-in.<\/span>\n        <\/strong><\/label><\/form><noscript><p><strong style=\"color: #ff0000;\">This opt out feature requires JavaScript.<\/strong><\/p><\/noscript><p id=\"matomo_outout_err_cookies\" style=\"display: none;\"><strong>The tracking opt-out feature requires cookies to be enabled.<\/strong><\/p>\n\n\n\n<hr class=\"wp-block-separator has-alpha-channel-opacity is-style-wide\"\/>\n\n\n\n<figure class=\"wp-block-image aligncenter size-full is-resized\"><img loading=\"lazy\" decoding=\"async\" width=\"3401\" height=\"2264\" src=\"https:\/\/lokaldigital.netphen.de\/wp-content\/uploads\/2023\/01\/ConceptLogo_neutral.png\" alt=\"Logo LOKAL-digital\" class=\"wp-image-32\" style=\"width:512px;height:341px\"\/><\/figure>\n\n\n\n<h1 class=\"wp-block-heading has-palette-color-3-color has-palette-color-5-background-color has-text-color has-background\">Das Projekt: Was und Warum?<\/h1>\n\n\n\n<p>Als gef\u00f6rdertes Projekt wurde LOKAL-digital entwickelt, um Wissen im Bereich Wohnen, Pflege und Gesundheit auf einen Blick bereit zu stellen und somit den Zugang zu Informationen und Angeboten zu erleichtern.<\/p>\n\n\n\n<hr class=\"wp-block-separator has-text-color has-cyan-bluish-gray-color has-alpha-channel-opacity has-cyan-bluish-gray-background-color has-background is-style-wide\"\/>\n\n\n\n<h1 class=\"wp-block-heading has-palette-color-3-color has-palette-color-6-background-color has-text-color has-background\">Die Umsetzung: Netphen<\/h1>\n\n\n\n<h3 class=\"wp-block-heading\">LOKAL &#8211; vor Ort und in Ihrer N\u00e4he<\/h3>\n\n\n\n<p class=\"has-black-color has-text-color\">Im Internet finden sich viele Angebote zu allen m\u00f6glichen Belangen; wenig hilfreich sind diese aber f\u00fcr einen Netphener, wenn sie beispielsweise in Berlin oder M\u00fcnchen angesiedelt sind. Bei LOKAL-digital ist der Name auch Programm: <\/p>\n\n\n\n<p>Hier finden Sie Angebote, Dienstleister und wissenswertes in Ihrer direkten N\u00e4he. Zu diesem Spektrum geh\u00f6ren neben Freizeit-, Sport- und Lernangeboten aber auch Anbieter von Handwerksleistungen, zur Unterst\u00fctzung im Alltag und bei Pflegebed\u00fcrftigkeit oder passenden Beratungsstellen zu spezifischen Themen.<\/p>\n\n\n\n<figure class=\"wp-block-image size-full\"><img loading=\"lazy\" decoding=\"async\" width=\"1920\" height=\"1440\" src=\"https:\/\/lokaldigital.netphen.de\/wp-content\/uploads\/2023\/01\/Nepthen_Rathaus.jpg\" alt=\"\" class=\"wp-image-20\"\/><figcaption class=\"wp-element-caption\">Blick auf das Netphener Rathaus<\/figcaption><\/figure>\n\n\n\n<h3 class=\"wp-block-heading\">digital &#8211; mit dem Wandel der Zeit gehen<\/h3>\n\n\n\n<p>Die hier zusammengetragenen Informationen k\u00f6nnen bequem und kostenlos von zu Hause abgerufen werden, sodass Betroffene sich in Ruhe vorab zu den gew\u00fcnschten Themenbereichen informieren k\u00f6nnen. Dar\u00fcber hinaus finden sich mit der Zeit auch Beitr\u00e4ge zu digitalen Alltagshelfern und Anregungen zu sog. &#8222;Smart Home&#8220;.<\/p>\n\n\n\n<figure class=\"wp-block-image size-full\"><img loading=\"lazy\" decoding=\"async\" width=\"2506\" height=\"1673\" src=\"https:\/\/lokaldigital.netphen.de\/wp-content\/uploads\/2023\/01\/AdobeStock_261050586-verkleinert.jpeg\" alt=\"\u00c4lteres Paar mit Tablet im Wohnzimmer\" class=\"wp-image-15\"\/><figcaption class=\"wp-element-caption\">\u00c4lteres Paar mit Tablet im Wohnzimmer<\/figcaption><\/figure>\n\n\n\n<h3 class=\"wp-block-heading\">Mitmachen lohnt sich &#8211; f\u00fcr alle<\/h3>\n\n\n\n<p>LOKAL-digital Netphen bietet nicht nur die M\u00f6glichkeit, Informationen zu erhalten, sondern vor allem auch, Informationen und Angebote ganz einfach selbst einzustellen. So k\u00f6nnen Betriebe, Vereine und sonstige Anbieter vor Ort \u00fcber den Beitragsassistenten einfach und schnell die gew\u00fcnschten Daten eingeben. Wissen wird geteilt, erhalten und weiterentwickelt, sodass auch Beratungsstellen zu verschiedenen Themen hier ganz einfach f\u00fcndig werden. <\/p>\n\n\n\n<h3 class=\"wp-block-heading\">LOKAL-digital lebt und lernt<\/h3>\n\n\n\n<p>Wissen lebt von den Menschen, die bereit sind, es zu teilen; es zu erweitern und wenn n\u00f6tig, auch zu aktualisieren. Je mehr Menschen Bereit sind, ihr Wissen, ihre Angebote, ihre Informationen auf dieser Plattform einzustellen und zug\u00e4nglich zu machen, desto mehr Nutzen entsteht f\u00fcr jeden Einzelnen.<\/p>\n","protected":false},"excerpt":{"rendered":"<p>Hinweis: Das Projekt: Was und Warum? Als gef\u00f6rdertes Projekt wurde LOKAL-digital entwickelt, um Wissen im Bereich Wohnen, Pflege und Gesundheit auf einen Blick bereit zu stellen und somit den Zugang zu Informationen und Angeboten zu erleichtern. Die Umsetzung: Netphen LOKAL &#8211; vor Ort und in Ihrer N\u00e4he Im Internet finden sich viele Angebote zu allen [&hellip;]<\/p>\n","protected":false},"author":10,"featured_media":0,"parent":0,"menu_order":0,"comment_status":"closed","ping_status":"closed","template":"","meta":{"footnotes":""},"class_list":["post-2977","page","type-page","status-publish","hentry"],"blocksy_meta":[],"_links":{"self":[{"href":"https:\/\/lokaldigital.netphen.de\/index.php?rest_route=\/wp\/v2\/pages\/2977","targetHints":{"allow":["GET"]}}],"collection":[{"href":"https:\/\/lokaldigital.netphen.de\/index.php?rest_route=\/wp\/v2\/pages"}],"about":[{"href":"https:\/\/lokaldigital.netphen.de\/index.php?rest_route=\/wp\/v2\/types\/page"}],"author":[{"embeddable":true,"href":"https:\/\/lokaldigital.netphen.de\/index.php?rest_route=\/wp\/v2\/users\/10"}],"replies":[{"embeddable":true,"href":"https:\/\/lokaldigital.netphen.de\/index.php?rest_route=%2Fwp%2Fv2%2Fcomments&post=2977"}],"version-history":[{"count":18,"href":"https:\/\/lokaldigital.netphen.de\/index.php?rest_route=\/wp\/v2\/pages\/2977\/revisions"}],"predecessor-version":[{"id":3267,"href":"https:\/\/lokaldigital.netphen.de\/index.php?rest_route=\/wp\/v2\/pages\/2977\/revisions\/3267"}],"wp:attachment":[{"href":"https:\/\/lokaldigital.netphen.de\/index.php?rest_route=%2Fwp%2Fv2%2Fmedia&parent=2977"}],"curies":[{"name":"wp","href":"https:\/\/api.w.org\/{rel}","templated":true}]}}