{"id":2925,"date":"2023-07-17T12:13:40","date_gmt":"2023-07-17T10:13:40","guid":{"rendered":"https:\/\/lokaldigital.netphen.de\/?page_id=2925"},"modified":"2026-02-23T14:13:12","modified_gmt":"2026-02-23T13:13:12","slug":"vorsorge","status":"publish","type":"page","link":"https:\/\/lokaldigital.netphen.de\/?page_id=2925","title":{"rendered":"Vorsorge"},"content":{"rendered":"\n<h2 class=\"wp-block-heading has-palette-color-8-color has-palette-color-1-background-color has-text-color has-background\">Vorsorge<\/h2>\n\n\n\n<h2 class=\"wp-block-heading\">Warum es Sinn macht<\/h2>\n\n\n\n<p>Immer mehr Menschen besch\u00e4ftigen sich aktiv und konstruktiv mit dem Thema Vorsorge. Im allgemeinen liegt der Schwerpunkt bei den Themen Vollmacht und Patientenverf\u00fcgung. Das Konzept der Vorsorge ist aber wesentlich weiter zu fassen.<\/p>\n\n\n\n<p>Vorsorge kann sein, den Ersatzschl\u00fcssel f\u00fcr Notf\u00e4lle beim Nachbarn zu hinterlegen, die Batterien im Rauchmelder regelm\u00e4\u00dfig zu kontrollieren oder beim Radfahren einen Helm zu tragen. Vorsorge ist, einen Teil der Last im Vorfeld zu schultern, um im Ernstfall besser, schneller, koordinierter agieren zu k\u00f6nnen.<\/p>\n\n\n\n<figure class=\"wp-block-image size-large\"><img loading=\"lazy\" decoding=\"async\" width=\"1024\" height=\"683\" src=\"https:\/\/lokaldigital.netphen.de\/wp-content\/uploads\/2022\/08\/Vorsorge-AdobeStock_191838429_verkleinert-1024x683.jpeg\" alt=\"Vorsorge Schild\" class=\"wp-image-1923\" srcset=\"https:\/\/lokaldigital.netphen.de\/wp-content\/uploads\/2022\/08\/Vorsorge-AdobeStock_191838429_verkleinert-1024x683.jpeg 1024w, https:\/\/lokaldigital.netphen.de\/wp-content\/uploads\/2022\/08\/Vorsorge-AdobeStock_191838429_verkleinert-300x200.jpeg 300w, https:\/\/lokaldigital.netphen.de\/wp-content\/uploads\/2022\/08\/Vorsorge-AdobeStock_191838429_verkleinert-768x512.jpeg 768w, https:\/\/lokaldigital.netphen.de\/wp-content\/uploads\/2022\/08\/Vorsorge-AdobeStock_191838429_verkleinert-1536x1024.jpeg 1536w, https:\/\/lokaldigital.netphen.de\/wp-content\/uploads\/2022\/08\/Vorsorge-AdobeStock_191838429_verkleinert-2048x1365.jpeg 2048w\" sizes=\"auto, (max-width: 1024px) 100vw, 1024px\" \/><figcaption class=\"wp-element-caption\">Vorsorge Schild, (C) AdobeStock_191838429<\/figcaption><\/figure>\n\n\n\n<hr class=\"wp-block-separator has-text-color has-palette-color-1-color has-alpha-channel-opacity has-palette-color-1-background-color has-background is-style-wide\"\/>\n\n\n\n<p>Nicht alle Bereiche des Lebens lassen sich im Vorfeld regulieren oder planen, und oft treten, gerade im gesundheitlichen Bereich, Situationen ein, in denen man selber nicht mehr in der Lage ist, seinen Willen zu \u00e4u\u00dfern. Speziell diesen Bereich betrifft die Vorsorgevollmacht.<\/p>\n\n\n\n<h2 class=\"wp-block-heading\">Vorsorgevollmacht &#8211; das wichtigste im \u00dcberblick<\/h2>\n\n\n\n<p>Eine Vorsorgevollmacht benennt eine oder mehrere Personen des Vertrauens, welche im Verhinderungsfall Ihre Angelegenheiten in Ihrem Sinne regeln d\u00fcrfen. Eine Vollmacht kann unterschiedliche Bereiche des Lebens regeln, z. B. Gesundheits- oder Verm\u00f6genssorge, Vertretungsrecht bei Beh\u00f6rden oder auch Wohnungsangelegenheiten. Voraussetzung ist, dass der Vollmachtgebende voll gesch\u00e4ftsf\u00e4hig ist und der bevollm\u00e4chtigten Person vertraut. Rechtskr\u00e4ftig wird die Vollmacht durch die geleistete Unterschrift, welche durch die Betreuungsbeh\u00f6rde des Kreises Siegen-Wittgenstein kostenlos beglaubigt werden kann. <\/p>\n\n\n\n<h2 class=\"wp-block-heading\">Betreuungsvollmacht &#8211; wenn keine Vollmacht vorliegt<\/h2>\n\n\n\n<p>Ist keine Vertrauensperson f\u00fcr eine Vorsorgevollmacht &#8211; aus welchen Gr\u00fcnden auch immer &#8211; verf\u00fcgbar, so kann auch eine Betreuungsverf\u00fcgung erlassen werden. Diese kann im Falle einer gesetzlich eingerichteten Betreuung regeln, welche Person als Betreuer eingesetzt werden soll, oder welche nicht. Gleichzeitig k\u00f6nnen die Inhalte der rechtlichen Betreuung geregelt werden.<br>WICHTIG: Die Betreuungsverf\u00fcgung entfaltet ihre Wirkung erst mit der Bestellung eines Betreuers!<\/p>\n\n\n\n<h2 class=\"wp-block-heading\">Ehegattenvertretungsrecht &#8211; die begrenzte Notvertretung<\/h2>\n\n\n\n<p>Ehe- und eingetragene Lebenspartner d\u00fcrfen sich f\u00fcr die Dauer von sechs Monaten auch ohne Vorliegen einer Vorsorgevollmacht gegenseitig in medizinischen Angelegenheiten vertreten, sofern einer der beiden nachweislich nicht in der Lage ist, seine Angelegenheiten selbst zu regeln.<br>AUSNAHME: getrennt lebende Partner sind von dieser Regelung ausgeschlossen. Dar\u00fcber hinaus haben bestehende Vollmachten oder eingerichtete rechtliche Betreuungen immer Vorrang vor dem Ehegattenvertretungsrecht.<\/p>\n\n\n\n<h2 class=\"wp-block-heading\">Patientenverf\u00fcgung &#8211; wann und wie<\/h2>\n\n\n\n<p>Patientenverf\u00fcgungen regeln die Art und Weise gew\u00fcnschter &#8211; oder nicht gew\u00fcnschter- medizinischer Behandlungen im Voraus. Dazu muss sie, ebenso wie die Vorsorgevollmacht, schriftlich erstellt und unterschrieben werden. Bevollm\u00e4chtigte und Betreuer m\u00fcssen analog der Patientenverf\u00fcgung den W\u00fcnschen des Patienten entsprechen.<br>Beratung hierzu, bzw. zu medizinischen Ma\u00dfnahmen erhalten Sie bei Ihrem Hausarzt.<\/p>\n\n\n\n<p>WICHTIG: Eine Patientenverf\u00fcgung kann, muss aber nicht zus\u00e4tzlich zu einer Vorsorgevollmacht eingerichtet werden. Wichtig ist in erster Linie die klare Kommunikation der eigenen W\u00fcnsche gegen\u00fcber der bevollm\u00e4chtigten Person.<\/p>\n\n\n\n<figure class=\"wp-block-image size-large\"><img loading=\"lazy\" decoding=\"async\" width=\"1024\" height=\"683\" src=\"https:\/\/lokaldigital.netphen.de\/wp-content\/uploads\/2022\/08\/Vorsorge-AdobeStock_112046853_verkleinert-1024x683.jpeg\" alt=\"\u00c4lteres Paar unterschreibt Vorsorgeunterlagen\" class=\"wp-image-1924\" srcset=\"https:\/\/lokaldigital.netphen.de\/wp-content\/uploads\/2022\/08\/Vorsorge-AdobeStock_112046853_verkleinert-1024x683.jpeg 1024w, https:\/\/lokaldigital.netphen.de\/wp-content\/uploads\/2022\/08\/Vorsorge-AdobeStock_112046853_verkleinert-300x200.jpeg 300w, https:\/\/lokaldigital.netphen.de\/wp-content\/uploads\/2022\/08\/Vorsorge-AdobeStock_112046853_verkleinert-768x512.jpeg 768w, https:\/\/lokaldigital.netphen.de\/wp-content\/uploads\/2022\/08\/Vorsorge-AdobeStock_112046853_verkleinert-1536x1024.jpeg 1536w, https:\/\/lokaldigital.netphen.de\/wp-content\/uploads\/2022\/08\/Vorsorge-AdobeStock_112046853_verkleinert-2048x1365.jpeg 2048w\" sizes=\"auto, (max-width: 1024px) 100vw, 1024px\" \/><figcaption class=\"wp-element-caption\">\u00c4lteres Paar unterschreibt Vorsorgeunterlagen, (C)  AdobeStock_112046853<\/figcaption><\/figure>\n\n\n\n<hr class=\"wp-block-separator has-text-color has-palette-color-1-color has-alpha-channel-opacity has-palette-color-1-background-color has-background is-style-wide\"\/>\n\n\n\n<p>Weitere Informationen erhalten Sie beim Seniorenb\u00fcro Netphen<\/p>\n\n\n\n<p class=\"has-white-color has-palette-color-1-background-color has-text-color has-background\"><strong>Seniorenb\u00fcro Netphen<\/strong><br>Frau Grieger<br>Amtsstra\u00dfe 2+6, 57250 Netphen, Raum 1006<br>Telefon: 02738 603 145<br>E-Mail: senioren@netphen.de<\/p>\n\n\n\n<hr class=\"wp-block-separator has-text-color has-palette-color-1-color has-alpha-channel-opacity has-palette-color-1-background-color has-background is-style-wide\"\/>\n\n\n\n<h2 class=\"wp-block-heading\">Vorsorge: \u00dcber den Tod hinaus<\/h2>\n\n\n\n<p>Die gedankliche Auseinandersetzung mit dem eigenen Ableben ist f\u00fcr viele Menschen schwer zu ertragen und oft kaum zu bewerkstelligen.<br>Es erfordert Mut und Selbstreflektion.<\/p>\n\n\n\n<p>Vorsorge kann hier ein Testament sein, welches gerade in finanzieller Hinsicht Regelungen f\u00fcr Hinterblieben trifft.<\/p>\n\n\n\n<p>Vorsorge kann aber auch die Abwicklung des Beisetzungswunsches mit dem Bestattungsunternehmen des Vertrauens sein, um Hinterbliebene im Ernstfall zu entlasten und die eigenen W\u00fcnsche umzusetzen. <br>Ihr Bestatter ber\u00e4t Sie gerne.<\/p>\n\n\n\n<h2 class=\"wp-block-heading has-white-color has-palette-color-1-background-color has-text-color has-background\">H\u00e4ufig gestellte Fragen im Bereich Vorsorge<\/h2>\n\n\n\n<div class=\"wp-block-group is-layout-constrained wp-block-group-is-layout-constrained\"><div  class=\"ewd-ufaq-faq-list ewd-ufaq-page-type-distinct ewd-ufaq-category-tabs-\" id='ewd-ufaq-faq-list'>\n\n\t<input type='hidden' name='show_on_load' value='' id='ewd-ufaq-show-on-load' \/>\n<input type='hidden' name='include_category' value='gesundheit,pflege,vorsorge' id='ewd-ufaq-include-category' \/>\n<input type='hidden' name='exclude_category' value='' id='ewd-ufaq-exclude-category' \/>\n<input type='hidden' name='orderby' value='title' id='ewd-ufaq-orderby' \/>\n<input type='hidden' name='order' value='asc' id='ewd-ufaq-order' \/>\n<input type='hidden' name='post_count' value='-1' id='ewd-ufaq-post-count' \/>\n<input type='hidden' name='current_url' value='\/index.php?rest_route=%2Fwp%2Fv2%2Fpages%2F2925' id='ewd-ufaq-current-url' \/>\n\t\n\t\n\t<div class='ewd-ufaq-faqs'>\n\n\t\t<div  class=\"ewd-ufaq-faq-div ewd-ufaq-faq-column-count-one ewd-ufaq-faq-responsive-columns- ewd-ufaq-faq-display-style-default ewd-ufaq-can-be-toggled\" id='ewd-ufaq-post-3209-YFKK7f7zyA' data-post_id='3209'>\n\n\t\t\n\t<div class='ewd-ufaq-faq-title ewd-ufaq-faq-toggle'>\n\t\n\t<a class='ewd-ufaq-post-margin'  href='#' role=\"button\">\n\n\t\t<div class='ewd-ufaq-post-margin-symbol ewd-ufaq-'>\n\t\t\t<span >a<\/span>\n\t\t<\/div>\n\n\t\t<div class='ewd-ufaq-faq-title-text'>\n\n\t\t\t<h4>\n\t\t\t\tBarrierefreier Umbau &#8211; Wo bekomme ich Unterst\u00fctzung?\t\t\t<\/h4>\n\n\t\t<\/div>\n\n\t\t<div class='ewd-ufaq-clear'><\/div>\n\n\t<\/a>\n\t\n<\/div>\n\t\n\t<div class='ewd-ufaq-faq-body ewd-ufaq-hidden' >\n\n\t\t\n\t\t\t<div class='ewd-ufaq-faq-categories'>\n\t\n\tCategories:\n\t\n\t\t<a href=\"https:\/\/lokaldigital.netphen.de\/?ufaq=welche-freizeitangebote-fuer-senioren-gibt-es-in-netphen&amp;include_category=gesundheit\">Gesundheit<\/a>\n\t\n\t\t<a href=\"https:\/\/lokaldigital.netphen.de\/?ufaq=welche-freizeitangebote-fuer-senioren-gibt-es-in-netphen&amp;include_category=handwerk\">Handwerk<\/a>\n\t\n\t\t<a href=\"https:\/\/lokaldigital.netphen.de\/?ufaq=welche-freizeitangebote-fuer-senioren-gibt-es-in-netphen&amp;include_category=wohnen-und-leben\">Wohnen und Leben<\/a>\n\t\n<\/div>\n\t\t\n\t\t\t<div class='ewd-ufaq-post-margin ewd-ufaq-faq-post'>\n\t\n<p>Umbauma\u00dfnahmen sind oft aufw\u00e4ndig und kostspielig. Im h\u00f6heren Alter und oftmals begleitet mit k\u00f6rperlichen Einschr\u00e4nkung ist eine Anpassung der Wohnsituation auf Barrierefreiheit in den meisten F\u00e4llen aber unumg\u00e4nglich, um lange im eigenen Wohnumfeld wohnen zu bleiben. Einen ersten \u00dcberblick, was alle m\u00f6glich oder sinnvoll ist, und welche Finanzierungsm\u00f6glichkeiten bestehen, gibt Ihnen die Wohnberatung Siegen-Wittgenstein e. V.<br>Ein kostenloses Beratungsgespr\u00e4ch finden bei Ihnen zu Hause und vor Ort statt, sodass die Beratung zielgerichtet und anhand Ihrer Situation erfolgen kann.<\/p>\n\n\n\n<p>Dar\u00fcber hinaus gehende Informationen und Kontakte finden Sie im Reiter<\/p>\n\n\n\n<div class=\"wp-block-buttons is-layout-flex wp-block-buttons-is-layout-flex\">\n<div class=\"wp-block-button\"><a class=\"wp-block-button__link has-palette-color-5-background-color has-background wp-element-button\">Wohnen und Leben<\/a><\/div>\n<\/div>\n<\/div>\n\t\t\n\t\t\t\n\t\t\n\t\t\t\n\t\t\n\t\t\t<div class='ewd-ufaq-faq-tags'>\n\t\n\tTags:\t\n\t\n\t\t<a href=\"https:\/\/lokaldigital.netphen.de\/?ufaq=welche-freizeitangebote-fuer-senioren-gibt-es-in-netphen&amp;include_tag=barrierefrei\">barrierefrei<\/a>, \n\t\n\t\t<a href=\"https:\/\/lokaldigital.netphen.de\/?ufaq=welche-freizeitangebote-fuer-senioren-gibt-es-in-netphen&amp;include_tag=umbau\">Umbau<\/a>\n\t\n<\/div>\n\t\t\n\t\t\t\n\t\t\n\t\t\t\n\t\t\n\t\t\t\n\t\t\n\t\t\t\n\t\t\n\t\t\t\n\t\t\n\t<\/div>\n\n<\/div><div  class=\"ewd-ufaq-faq-div ewd-ufaq-faq-column-count-one ewd-ufaq-faq-responsive-columns- ewd-ufaq-faq-display-style-default ewd-ufaq-can-be-toggled\" id='ewd-ufaq-post-1316-yHdIl3vhQm' data-post_id='1316'>\n\n\t\t\n\t<div class='ewd-ufaq-faq-title ewd-ufaq-faq-toggle'>\n\t\n\t<a class='ewd-ufaq-post-margin'  href='#' role=\"button\">\n\n\t\t<div class='ewd-ufaq-post-margin-symbol ewd-ufaq-'>\n\t\t\t<span >a<\/span>\n\t\t<\/div>\n\n\t\t<div class='ewd-ufaq-faq-title-text'>\n\n\t\t\t<h4>\n\t\t\t\tWas findet man in der Kategorie &#8222;Gesundheit&#8220;?\t\t\t<\/h4>\n\n\t\t<\/div>\n\n\t\t<div class='ewd-ufaq-clear'><\/div>\n\n\t<\/a>\n\t\n<\/div>\n\t\n\t<div class='ewd-ufaq-faq-body ewd-ufaq-hidden' >\n\n\t\t\n\t\t\t<div class='ewd-ufaq-faq-categories'>\n\t\n\tCategory:\n\t\n\t\t<a href=\"https:\/\/lokaldigital.netphen.de\/?ufaq=welche-freizeitangebote-fuer-senioren-gibt-es-in-netphen&amp;include_category=gesundheit\">Gesundheit<\/a>\n\t\n<\/div>\n\t\t\n\t\t\t<div class='ewd-ufaq-post-margin ewd-ufaq-faq-post'>\n\t\n<p>In der Kategorie Gesundheit sind Hinweise und Angebote zusammengetragen welche das Themenfeld der Gesundheitspr\u00e4vention fokussieren, also dabei unterst\u00fctzen sollen, vital und fit zu altern. Dies k\u00f6nnen z.B. Sportangebote sein aber auch Angebote zur Erhaltung von geistiger Fitness. <\/p>\n\n\n\n<div class=\"wp-block-buttons is-layout-flex wp-block-buttons-is-layout-flex\">\n<div class=\"wp-block-button\"><a class=\"wp-block-button__link wp-element-button\" href=\"https:\/\/lokaldigital.netphen.de\/?page_id=826\">zur Seite &#8222;Gesundheitspr\u00e4vention&#8220;<\/a><\/div>\n<\/div>\n<\/div>\n\t\t\n\t\t\t\n\t\t\n\t\t\t\n\t\t\n\t\t\t<div class='ewd-ufaq-faq-tags'>\n\t\n\tTag:\t\n\t\n\t\t<a href=\"https:\/\/lokaldigital.netphen.de\/?ufaq=welche-freizeitangebote-fuer-senioren-gibt-es-in-netphen&amp;include_tag=gesundheitspraevention\">Gesundheitspr\u00e4vention<\/a>\n\t\n<\/div>\n\t\t\n\t\t\t\n\t\t\n\t\t\t\n\t\t\n\t\t\t\n\t\t\n\t\t\t\n\t\t\n\t\t\t\n\t\t\n\t<\/div>\n\n<\/div><div  class=\"ewd-ufaq-faq-div ewd-ufaq-faq-column-count-one ewd-ufaq-faq-responsive-columns- ewd-ufaq-faq-display-style-default ewd-ufaq-can-be-toggled\" id='ewd-ufaq-post-1320-4sNtB6kOyl' data-post_id='1320'>\n\n\t\t\n\t<div class='ewd-ufaq-faq-title ewd-ufaq-faq-toggle'>\n\t\n\t<a class='ewd-ufaq-post-margin'  href='#' role=\"button\">\n\n\t\t<div class='ewd-ufaq-post-margin-symbol ewd-ufaq-'>\n\t\t\t<span >a<\/span>\n\t\t<\/div>\n\n\t\t<div class='ewd-ufaq-faq-title-text'>\n\n\t\t\t<h4>\n\t\t\t\tWas findet man in der Kategorie &#8222;Pflege&#8220;?\t\t\t<\/h4>\n\n\t\t<\/div>\n\n\t\t<div class='ewd-ufaq-clear'><\/div>\n\n\t<\/a>\n\t\n<\/div>\n\t\n\t<div class='ewd-ufaq-faq-body ewd-ufaq-hidden' >\n\n\t\t\n\t\t\t<div class='ewd-ufaq-faq-categories'>\n\t\n\tCategories:\n\t\n\t\t<a href=\"https:\/\/lokaldigital.netphen.de\/?ufaq=welche-freizeitangebote-fuer-senioren-gibt-es-in-netphen&amp;include_category=netphen\">Netphen<\/a>\n\t\n\t\t<a href=\"https:\/\/lokaldigital.netphen.de\/?ufaq=welche-freizeitangebote-fuer-senioren-gibt-es-in-netphen&amp;include_category=pflege\">Pflege<\/a>\n\t\n<\/div>\n\t\t\n\t\t\t<div class='ewd-ufaq-post-margin ewd-ufaq-faq-post'>\n\t\n<p>In der Kategorie Pflege sind Hinweise und Angebote zusammengetragen welche das Themenfeld der Unterst\u00fctzung in der Pflegesituation von Angeh\u00f6rigen oder betroffenen fokussieren. Dies k\u00f6nnen direkte Unterst\u00fctzungsangebote durch das <a href=\"https:\/\/netphen.projekt-lokal-digital.de\/seniorenbuero_netphen\/\">Seniorenb\u00fcro Netphen<\/a> sein, aber auch externe Angebote bei leichtem, mittleren oder schwerem Pflegebedarf.  <\/p>\n\n\n\n<div class=\"wp-block-buttons is-layout-flex wp-block-buttons-is-layout-flex\">\n<div class=\"wp-block-button\"><a class=\"wp-block-button__link wp-element-button\" href=\"https:\/\/lokaldigital.netphen.de\/?page_id=967\">zur Seite &#8222;Pflegeunterst\u00fctzung&#8220;<\/a><\/div>\n<\/div>\n<\/div>\n\t\t\n\t\t\t\n\t\t\n\t\t\t\n\t\t\n\t\t\t<div class='ewd-ufaq-faq-tags'>\n\t\n\tTags:\t\n\t\n\t\t<a href=\"https:\/\/lokaldigital.netphen.de\/?ufaq=welche-freizeitangebote-fuer-senioren-gibt-es-in-netphen&amp;include_tag=leichter-pflegebedarf\">Leichter Pflegebedarf<\/a>, \n\t\n\t\t<a href=\"https:\/\/lokaldigital.netphen.de\/?ufaq=welche-freizeitangebote-fuer-senioren-gibt-es-in-netphen&amp;include_tag=mittlerer-pflegebedarf\">Mittlerer Pflegebedarf<\/a>, \n\t\n\t\t<a href=\"https:\/\/lokaldigital.netphen.de\/?ufaq=welche-freizeitangebote-fuer-senioren-gibt-es-in-netphen&amp;include_tag=pflege\">Pflege<\/a>, \n\t\n\t\t<a href=\"https:\/\/lokaldigital.netphen.de\/?ufaq=welche-freizeitangebote-fuer-senioren-gibt-es-in-netphen&amp;include_tag=pflegeunterstuetzung\">Pflegeunterst\u00fctzung<\/a>, \n\t\n\t\t<a href=\"https:\/\/lokaldigital.netphen.de\/?ufaq=welche-freizeitangebote-fuer-senioren-gibt-es-in-netphen&amp;include_tag=schwerer-pflegebedarf\">Schwerer Pflegebedarf<\/a>\n\t\n<\/div>\n\t\t\n\t\t\t\n\t\t\n\t\t\t\n\t\t\n\t\t\t\n\t\t\n\t\t\t\n\t\t\n\t\t\t\n\t\t\n\t<\/div>\n\n<\/div><div  class=\"ewd-ufaq-faq-div ewd-ufaq-faq-column-count-one ewd-ufaq-faq-responsive-columns- ewd-ufaq-faq-display-style-default ewd-ufaq-can-be-toggled\" id='ewd-ufaq-post-3206-KwyBTdn73x' data-post_id='3206'>\n\n\t\t\n\t<div class='ewd-ufaq-faq-title ewd-ufaq-faq-toggle'>\n\t\n\t<a class='ewd-ufaq-post-margin'  href='#' role=\"button\">\n\n\t\t<div class='ewd-ufaq-post-margin-symbol ewd-ufaq-'>\n\t\t\t<span >a<\/span>\n\t\t<\/div>\n\n\t\t<div class='ewd-ufaq-faq-title-text'>\n\n\t\t\t<h4>\n\t\t\t\tWelche Freizeitangebote f\u00fcr Senioren gibt es in Netphen?\t\t\t<\/h4>\n\n\t\t<\/div>\n\n\t\t<div class='ewd-ufaq-clear'><\/div>\n\n\t<\/a>\n\t\n<\/div>\n\t\n\t<div class='ewd-ufaq-faq-body ewd-ufaq-hidden' >\n\n\t\t\n\t\t\t<div class='ewd-ufaq-faq-categories'>\n\t\n\tCategories:\n\t\n\t\t<a href=\"https:\/\/lokaldigital.netphen.de\/?ufaq=welche-freizeitangebote-fuer-senioren-gibt-es-in-netphen&amp;include_category=gesundheit\">Gesundheit<\/a>\n\t\n\t\t<a href=\"https:\/\/lokaldigital.netphen.de\/?ufaq=welche-freizeitangebote-fuer-senioren-gibt-es-in-netphen&amp;include_category=heimat-und-region\">Heimat und Region<\/a>\n\t\n\t\t<a href=\"https:\/\/lokaldigital.netphen.de\/?ufaq=welche-freizeitangebote-fuer-senioren-gibt-es-in-netphen&amp;include_category=mitwirken\">Mitwirken<\/a>\n\t\n\t\t<a href=\"https:\/\/lokaldigital.netphen.de\/?ufaq=welche-freizeitangebote-fuer-senioren-gibt-es-in-netphen&amp;include_category=netphen\">Netphen<\/a>\n\t\n<\/div>\n\t\t\n\t\t\t<div class='ewd-ufaq-post-margin ewd-ufaq-faq-post'>\n\t\n<p>Netphen bietet eine Reihe von Sport- und Freizeitangeboten f\u00fcr Seniorinnen und Senioren. Dies betrifft Angebote in den Bereichen Kultur, Unterhaltung, Begegnung, Sport, Information und auch das Vereinswesen. Das Seniorenb\u00fcro kann einen \u00dcberblick \u00fcber eigene sowie Angebote von weiteren Organisationen, Vereinen und mehr geben.<\/p>\n\n\n\n<p>Vereinbaren Sie einen Termin und lassen Sie sich beraten!<\/p>\n\n\n\n<p class=\"has-palette-color-6-background-color has-background\"><strong>Kontakt:<\/strong><br>Seniorenb\u00fcro Netphen<br>Frau Grieger<br>02738 603 145<br>senioren@netphen.de <br><\/p>\n<\/div>\n\t\t\n\t\t\t\n\t\t\n\t\t\t\n\t\t\n\t\t\t<div class='ewd-ufaq-faq-tags'>\n\t\n\tTags:\t\n\t\n\t\t<a href=\"https:\/\/lokaldigital.netphen.de\/?ufaq=welche-freizeitangebote-fuer-senioren-gibt-es-in-netphen&amp;include_tag=begegnung\">Begegnung<\/a>, \n\t\n\t\t<a href=\"https:\/\/lokaldigital.netphen.de\/?ufaq=welche-freizeitangebote-fuer-senioren-gibt-es-in-netphen&amp;include_tag=freizeit\">Freizeit<\/a>, \n\t\n\t\t<a href=\"https:\/\/lokaldigital.netphen.de\/?ufaq=welche-freizeitangebote-fuer-senioren-gibt-es-in-netphen&amp;include_tag=kultur\">Kultur<\/a>, \n\t\n\t\t<a href=\"https:\/\/lokaldigital.netphen.de\/?ufaq=welche-freizeitangebote-fuer-senioren-gibt-es-in-netphen&amp;include_tag=sport\">Sport<\/a>, \n\t\n\t\t<a href=\"https:\/\/lokaldigital.netphen.de\/?ufaq=welche-freizeitangebote-fuer-senioren-gibt-es-in-netphen&amp;include_tag=unterhaltung\">Unterhaltung<\/a>\n\t\n<\/div>\n\t\t\n\t\t\t\n\t\t\n\t\t\t\n\t\t\n\t\t\t\n\t\t\n\t\t\t\n\t\t\n\t\t\t\n\t\t\n\t<\/div>\n\n<\/div>\n\t<\/div>\n\n\t\n<\/div><\/div>\n","protected":false},"excerpt":{"rendered":"<p>Vorsorge Warum es Sinn macht Immer mehr Menschen besch\u00e4ftigen sich aktiv und konstruktiv mit dem Thema Vorsorge. Im allgemeinen liegt der Schwerpunkt bei den Themen Vollmacht und Patientenverf\u00fcgung. Das Konzept der Vorsorge ist aber wesentlich weiter zu fassen. Vorsorge kann sein, den Ersatzschl\u00fcssel f\u00fcr Notf\u00e4lle beim Nachbarn zu hinterlegen, die Batterien im Rauchmelder regelm\u00e4\u00dfig zu [&hellip;]<\/p>\n","protected":false},"author":10,"featured_media":0,"parent":0,"menu_order":0,"comment_status":"closed","ping_status":"closed","template":"","meta":{"footnotes":""},"class_list":["post-2925","page","type-page","status-publish","hentry"],"blocksy_meta":[],"_links":{"self":[{"href":"https:\/\/lokaldigital.netphen.de\/index.php?rest_route=\/wp\/v2\/pages\/2925","targetHints":{"allow":["GET"]}}],"collection":[{"href":"https:\/\/lokaldigital.netphen.de\/index.php?rest_route=\/wp\/v2\/pages"}],"about":[{"href":"https:\/\/lokaldigital.netphen.de\/index.php?rest_route=\/wp\/v2\/types\/page"}],"author":[{"embeddable":true,"href":"https:\/\/lokaldigital.netphen.de\/index.php?rest_route=\/wp\/v2\/users\/10"}],"replies":[{"embeddable":true,"href":"https:\/\/lokaldigital.netphen.de\/index.php?rest_route=%2Fwp%2Fv2%2Fcomments&post=2925"}],"version-history":[{"count":19,"href":"https:\/\/lokaldigital.netphen.de\/index.php?rest_route=\/wp\/v2\/pages\/2925\/revisions"}],"predecessor-version":[{"id":3270,"href":"https:\/\/lokaldigital.netphen.de\/index.php?rest_route=\/wp\/v2\/pages\/2925\/revisions\/3270"}],"wp:attachment":[{"href":"https:\/\/lokaldigital.netphen.de\/index.php?rest_route=%2Fwp%2Fv2%2Fmedia&parent=2925"}],"curies":[{"name":"wp","href":"https:\/\/api.w.org\/{rel}","templated":true}]}}