{"id":2923,"date":"2023-07-17T12:13:23","date_gmt":"2023-07-17T10:13:23","guid":{"rendered":"https:\/\/lokaldigital.netphen.de\/?page_id=2923"},"modified":"2023-08-30T11:14:46","modified_gmt":"2023-08-30T09:14:46","slug":"gesundheit","status":"publish","type":"page","link":"https:\/\/lokaldigital.netphen.de\/?page_id=2923","title":{"rendered":"Gesundheit"},"content":{"rendered":"\n<h2 class=\"wp-block-heading has-white-color has-palette-color-1-background-color has-text-color has-background\">Gesundheit<\/h2>\n\n\n\n<p class=\"has-text-align-center\"><strong>\u201eDa es sehr f\u00f6rderlich f\u00fcr die Gesundheit ist, habe ich beschlossen, gl\u00fccklich zu sein.\u201c<\/strong><br><em>Voltaire (franz\u00f6sischer Philosoph)<\/em><\/p>\n\n\n\n<p class=\"has-text-align-center\"><strong>\u201eTu deinem Leib etwas Gutes, damit deine Seele Lust hat, darin zu wohnen.\u201c<\/strong>&nbsp;<br>Heilige Teresa von \u00c1vila<\/p>\n\n\n\n<h2 class=\"wp-block-heading\">Gesund sein &#8211; Gesund bleiben<\/h2>\n\n\n\n<p>Das eine bedingt nicht unbedingt immer das andere, und bedauerlicherweise ist Gesundheit eines der wenigen G\u00fcter, auf das man nur bis zu einem gewissen Grad selber Einfluss nehmen kann.<br><\/p>\n\n\n\n<p>Gesundheit hat viele Facetten, sei es gesunde Ern\u00e4hrung, sportliche Bet\u00e4tigung, ein erf\u00fcllendes Hobby oder auch die Achtsamkeit in psychischen Belangen. Aber auch von moderner Technik kann zur Pr\u00e4vention oder dem Erhalt des gesundheitlichen Zustandes eingesetzt werden.<\/p>\n\n\n\n<p>Unter dem Suchbegriff &#8222;Gesundheit&#8220; verbergen Beitr\u00e4ge f\u00fcr Menschen mit gesundheitlichen Einschr\u00e4nkungen zu den Themen:<\/p>\n\n\n\n<ul class=\"wp-block-list\">\n<li>Freizeit<\/li>\n\n\n\n<li>Sport<\/li>\n\n\n\n<li>Pr\u00e4vention<\/li>\n\n\n\n<li>Beratung<\/li>\n<\/ul>\n\n\n\n<figure class=\"wp-block-image size-large\"><img loading=\"lazy\" decoding=\"async\" width=\"1024\" height=\"682\" src=\"https:\/\/lokaldigital.netphen.de\/wp-content\/uploads\/2022\/07\/Fotolia_77961766_L-1024x682.jpg\" alt=\"Seniorengymnastik mit Reifen\" class=\"wp-image-1689\" srcset=\"https:\/\/lokaldigital.netphen.de\/wp-content\/uploads\/2022\/07\/Fotolia_77961766_L-1024x682.jpg 1024w, https:\/\/lokaldigital.netphen.de\/wp-content\/uploads\/2022\/07\/Fotolia_77961766_L-300x200.jpg 300w, https:\/\/lokaldigital.netphen.de\/wp-content\/uploads\/2022\/07\/Fotolia_77961766_L-768x512.jpg 768w, https:\/\/lokaldigital.netphen.de\/wp-content\/uploads\/2022\/07\/Fotolia_77961766_L-1536x1024.jpg 1536w, https:\/\/lokaldigital.netphen.de\/wp-content\/uploads\/2022\/07\/Fotolia_77961766_L-2048x1365.jpg 2048w\" sizes=\"auto, (max-width: 1024px) 100vw, 1024px\" \/><figcaption class=\"wp-element-caption\">Seniorengymnastik mit Reifen, (C) Fotolia_77961766<\/figcaption><\/figure>\n\n\n\n<h2 class=\"wp-block-heading has-white-color has-palette-color-1-background-color has-text-color has-background\">Beitr\u00e4ge zur Gesundheit<\/h2>\n\n\n[bdp_post_gridbox show_tags=&#8220;false&#8220; media_size=&#8220;medium&#8220; limit=&#8220;-1&#8243; category=&#8220;Gesundheit&#8220;]\n\n\n\n<h2 class=\"wp-block-heading has-white-color has-palette-color-1-background-color has-text-color has-background\">H\u00e4ufig gestellte Fragen im Bereich Gesundheit<\/h2>\n\n\n\n<div class=\"wp-block-group is-layout-constrained wp-block-group-is-layout-constrained\"><div  class=\"ewd-ufaq-faq-list ewd-ufaq-page-type-distinct ewd-ufaq-category-tabs-\" id='ewd-ufaq-faq-list'>\n\n\t<input type='hidden' name='show_on_load' value='' id='ewd-ufaq-show-on-load' \/>\n<input type='hidden' name='include_category' value='gesundheit' id='ewd-ufaq-include-category' \/>\n<input type='hidden' name='exclude_category' value='' id='ewd-ufaq-exclude-category' \/>\n<input type='hidden' name='orderby' value='title' id='ewd-ufaq-orderby' \/>\n<input type='hidden' name='order' value='asc' id='ewd-ufaq-order' \/>\n<input type='hidden' name='post_count' value='-1' id='ewd-ufaq-post-count' \/>\n<input type='hidden' name='current_url' value='\/index.php?rest_route=%2Fwp%2Fv2%2Fpages%2F2923' id='ewd-ufaq-current-url' \/>\n\t\n\t\n\t<div class='ewd-ufaq-faqs'>\n\n\t\t<div  class=\"ewd-ufaq-faq-div ewd-ufaq-faq-column-count-one ewd-ufaq-faq-responsive-columns- ewd-ufaq-faq-display-style-default ewd-ufaq-can-be-toggled\" id='ewd-ufaq-post-3209-m2UU1vtXEi' data-post_id='3209'>\n\n\t\t\n\t<div class='ewd-ufaq-faq-title ewd-ufaq-faq-toggle'>\n\t\n\t<a class='ewd-ufaq-post-margin'  href='#' role=\"button\">\n\n\t\t<div class='ewd-ufaq-post-margin-symbol ewd-ufaq-'>\n\t\t\t<span >a<\/span>\n\t\t<\/div>\n\n\t\t<div class='ewd-ufaq-faq-title-text'>\n\n\t\t\t<h4>\n\t\t\t\tBarrierefreier Umbau &#8211; Wo bekomme ich Unterst\u00fctzung?\t\t\t<\/h4>\n\n\t\t<\/div>\n\n\t\t<div class='ewd-ufaq-clear'><\/div>\n\n\t<\/a>\n\t\n<\/div>\n\t\n\t<div class='ewd-ufaq-faq-body ewd-ufaq-hidden' >\n\n\t\t\n\t\t\t<div class='ewd-ufaq-faq-categories'>\n\t\n\tCategories:\n\t\n\t\t<a href=\"https:\/\/lokaldigital.netphen.de\/?ufaq=welche-freizeitangebote-fuer-senioren-gibt-es-in-netphen&amp;include_category=gesundheit\">Gesundheit<\/a>\n\t\n\t\t<a href=\"https:\/\/lokaldigital.netphen.de\/?ufaq=welche-freizeitangebote-fuer-senioren-gibt-es-in-netphen&amp;include_category=handwerk\">Handwerk<\/a>\n\t\n\t\t<a href=\"https:\/\/lokaldigital.netphen.de\/?ufaq=welche-freizeitangebote-fuer-senioren-gibt-es-in-netphen&amp;include_category=wohnen-und-leben\">Wohnen und Leben<\/a>\n\t\n<\/div>\n\t\t\n\t\t\t<div class='ewd-ufaq-post-margin ewd-ufaq-faq-post'>\n\t\n<p>Umbauma\u00dfnahmen sind oft aufw\u00e4ndig und kostspielig. Im h\u00f6heren Alter und oftmals begleitet mit k\u00f6rperlichen Einschr\u00e4nkung ist eine Anpassung der Wohnsituation auf Barrierefreiheit in den meisten F\u00e4llen aber unumg\u00e4nglich, um lange im eigenen Wohnumfeld wohnen zu bleiben. Einen ersten \u00dcberblick, was alle m\u00f6glich oder sinnvoll ist, und welche Finanzierungsm\u00f6glichkeiten bestehen, gibt Ihnen die Wohnberatung Siegen-Wittgenstein e. V.<br>Ein kostenloses Beratungsgespr\u00e4ch finden bei Ihnen zu Hause und vor Ort statt, sodass die Beratung zielgerichtet und anhand Ihrer Situation erfolgen kann.<\/p>\n\n\n\n<p>Dar\u00fcber hinaus gehende Informationen und Kontakte finden Sie im Reiter<\/p>\n\n\n\n<div class=\"wp-block-buttons is-layout-flex wp-block-buttons-is-layout-flex\">\n<div class=\"wp-block-button\"><a class=\"wp-block-button__link has-palette-color-5-background-color has-background wp-element-button\">Wohnen und Leben<\/a><\/div>\n<\/div>\n<\/div>\n\t\t\n\t\t\t\n\t\t\n\t\t\t\n\t\t\n\t\t\t<div class='ewd-ufaq-faq-tags'>\n\t\n\tTags:\t\n\t\n\t\t<a href=\"https:\/\/lokaldigital.netphen.de\/?ufaq=welche-freizeitangebote-fuer-senioren-gibt-es-in-netphen&amp;include_tag=barrierefrei\">barrierefrei<\/a>, \n\t\n\t\t<a href=\"https:\/\/lokaldigital.netphen.de\/?ufaq=welche-freizeitangebote-fuer-senioren-gibt-es-in-netphen&amp;include_tag=umbau\">Umbau<\/a>\n\t\n<\/div>\n\t\t\n\t\t\t\n\t\t\n\t\t\t\n\t\t\n\t\t\t\n\t\t\n\t\t\t\n\t\t\n\t\t\t\n\t\t\n\t<\/div>\n\n<\/div><div  class=\"ewd-ufaq-faq-div ewd-ufaq-faq-column-count-one ewd-ufaq-faq-responsive-columns- ewd-ufaq-faq-display-style-default ewd-ufaq-can-be-toggled\" id='ewd-ufaq-post-1316-GnLydt1r93' data-post_id='1316'>\n\n\t\t\n\t<div class='ewd-ufaq-faq-title ewd-ufaq-faq-toggle'>\n\t\n\t<a class='ewd-ufaq-post-margin'  href='#' role=\"button\">\n\n\t\t<div class='ewd-ufaq-post-margin-symbol ewd-ufaq-'>\n\t\t\t<span >a<\/span>\n\t\t<\/div>\n\n\t\t<div class='ewd-ufaq-faq-title-text'>\n\n\t\t\t<h4>\n\t\t\t\tWas findet man in der Kategorie &#8222;Gesundheit&#8220;?\t\t\t<\/h4>\n\n\t\t<\/div>\n\n\t\t<div class='ewd-ufaq-clear'><\/div>\n\n\t<\/a>\n\t\n<\/div>\n\t\n\t<div class='ewd-ufaq-faq-body ewd-ufaq-hidden' >\n\n\t\t\n\t\t\t<div class='ewd-ufaq-faq-categories'>\n\t\n\tCategory:\n\t\n\t\t<a href=\"https:\/\/lokaldigital.netphen.de\/?ufaq=welche-freizeitangebote-fuer-senioren-gibt-es-in-netphen&amp;include_category=gesundheit\">Gesundheit<\/a>\n\t\n<\/div>\n\t\t\n\t\t\t<div class='ewd-ufaq-post-margin ewd-ufaq-faq-post'>\n\t\n<p>In der Kategorie Gesundheit sind Hinweise und Angebote zusammengetragen welche das Themenfeld der Gesundheitspr\u00e4vention fokussieren, also dabei unterst\u00fctzen sollen, vital und fit zu altern. Dies k\u00f6nnen z.B. Sportangebote sein aber auch Angebote zur Erhaltung von geistiger Fitness. <\/p>\n\n\n\n<div class=\"wp-block-buttons is-layout-flex wp-block-buttons-is-layout-flex\">\n<div class=\"wp-block-button\"><a class=\"wp-block-button__link wp-element-button\" href=\"https:\/\/lokaldigital.netphen.de\/?page_id=826\">zur Seite &#8222;Gesundheitspr\u00e4vention&#8220;<\/a><\/div>\n<\/div>\n<\/div>\n\t\t\n\t\t\t\n\t\t\n\t\t\t\n\t\t\n\t\t\t<div class='ewd-ufaq-faq-tags'>\n\t\n\tTag:\t\n\t\n\t\t<a href=\"https:\/\/lokaldigital.netphen.de\/?ufaq=welche-freizeitangebote-fuer-senioren-gibt-es-in-netphen&amp;include_tag=gesundheitspraevention\">Gesundheitspr\u00e4vention<\/a>\n\t\n<\/div>\n\t\t\n\t\t\t\n\t\t\n\t\t\t\n\t\t\n\t\t\t\n\t\t\n\t\t\t\n\t\t\n\t\t\t\n\t\t\n\t<\/div>\n\n<\/div><div  class=\"ewd-ufaq-faq-div ewd-ufaq-faq-column-count-one ewd-ufaq-faq-responsive-columns- ewd-ufaq-faq-display-style-default ewd-ufaq-can-be-toggled\" id='ewd-ufaq-post-3206-Vrvk2I2LtA' data-post_id='3206'>\n\n\t\t\n\t<div class='ewd-ufaq-faq-title ewd-ufaq-faq-toggle'>\n\t\n\t<a class='ewd-ufaq-post-margin'  href='#' role=\"button\">\n\n\t\t<div class='ewd-ufaq-post-margin-symbol ewd-ufaq-'>\n\t\t\t<span >a<\/span>\n\t\t<\/div>\n\n\t\t<div class='ewd-ufaq-faq-title-text'>\n\n\t\t\t<h4>\n\t\t\t\tWelche Freizeitangebote f\u00fcr Senioren gibt es in Netphen?\t\t\t<\/h4>\n\n\t\t<\/div>\n\n\t\t<div class='ewd-ufaq-clear'><\/div>\n\n\t<\/a>\n\t\n<\/div>\n\t\n\t<div class='ewd-ufaq-faq-body ewd-ufaq-hidden' >\n\n\t\t\n\t\t\t<div class='ewd-ufaq-faq-categories'>\n\t\n\tCategories:\n\t\n\t\t<a href=\"https:\/\/lokaldigital.netphen.de\/?ufaq=welche-freizeitangebote-fuer-senioren-gibt-es-in-netphen&amp;include_category=gesundheit\">Gesundheit<\/a>\n\t\n\t\t<a href=\"https:\/\/lokaldigital.netphen.de\/?ufaq=welche-freizeitangebote-fuer-senioren-gibt-es-in-netphen&amp;include_category=heimat-und-region\">Heimat und Region<\/a>\n\t\n\t\t<a href=\"https:\/\/lokaldigital.netphen.de\/?ufaq=welche-freizeitangebote-fuer-senioren-gibt-es-in-netphen&amp;include_category=mitwirken\">Mitwirken<\/a>\n\t\n\t\t<a href=\"https:\/\/lokaldigital.netphen.de\/?ufaq=welche-freizeitangebote-fuer-senioren-gibt-es-in-netphen&amp;include_category=netphen\">Netphen<\/a>\n\t\n<\/div>\n\t\t\n\t\t\t<div class='ewd-ufaq-post-margin ewd-ufaq-faq-post'>\n\t\n<p>Netphen bietet eine Reihe von Sport- und Freizeitangeboten f\u00fcr Seniorinnen und Senioren. Dies betrifft Angebote in den Bereichen Kultur, Unterhaltung, Begegnung, Sport, Information und auch das Vereinswesen. Das Seniorenb\u00fcro kann einen \u00dcberblick \u00fcber eigene sowie Angebote von weiteren Organisationen, Vereinen und mehr geben.<\/p>\n\n\n\n<p>Vereinbaren Sie einen Termin und lassen Sie sich beraten!<\/p>\n\n\n\n<p class=\"has-palette-color-6-background-color has-background\"><strong>Kontakt:<\/strong><br>Seniorenb\u00fcro Netphen<br>Frau Grieger<br>02738 603 145<br>senioren@netphen.de <br><\/p>\n<\/div>\n\t\t\n\t\t\t\n\t\t\n\t\t\t\n\t\t\n\t\t\t<div class='ewd-ufaq-faq-tags'>\n\t\n\tTags:\t\n\t\n\t\t<a href=\"https:\/\/lokaldigital.netphen.de\/?ufaq=welche-freizeitangebote-fuer-senioren-gibt-es-in-netphen&amp;include_tag=begegnung\">Begegnung<\/a>, \n\t\n\t\t<a href=\"https:\/\/lokaldigital.netphen.de\/?ufaq=welche-freizeitangebote-fuer-senioren-gibt-es-in-netphen&amp;include_tag=freizeit\">Freizeit<\/a>, \n\t\n\t\t<a href=\"https:\/\/lokaldigital.netphen.de\/?ufaq=welche-freizeitangebote-fuer-senioren-gibt-es-in-netphen&amp;include_tag=kultur\">Kultur<\/a>, \n\t\n\t\t<a href=\"https:\/\/lokaldigital.netphen.de\/?ufaq=welche-freizeitangebote-fuer-senioren-gibt-es-in-netphen&amp;include_tag=sport\">Sport<\/a>, \n\t\n\t\t<a href=\"https:\/\/lokaldigital.netphen.de\/?ufaq=welche-freizeitangebote-fuer-senioren-gibt-es-in-netphen&amp;include_tag=unterhaltung\">Unterhaltung<\/a>\n\t\n<\/div>\n\t\t\n\t\t\t\n\t\t\n\t\t\t\n\t\t\n\t\t\t\n\t\t\n\t\t\t\n\t\t\n\t\t\t\n\t\t\n\t<\/div>\n\n<\/div>\n\t<\/div>\n\n\t\n<\/div><\/div>\n","protected":false},"excerpt":{"rendered":"<p>Gesundheit \u201eDa es sehr f\u00f6rderlich f\u00fcr die Gesundheit ist, habe ich beschlossen, gl\u00fccklich zu sein.\u201cVoltaire (franz\u00f6sischer Philosoph) \u201eTu deinem Leib etwas Gutes, damit deine Seele Lust hat, darin zu wohnen.\u201c&nbsp;Heilige Teresa von \u00c1vila Gesund sein &#8211; Gesund bleiben Das eine bedingt nicht unbedingt immer das andere, und bedauerlicherweise ist Gesundheit eines der wenigen G\u00fcter, auf [&hellip;]<\/p>\n","protected":false},"author":10,"featured_media":0,"parent":0,"menu_order":0,"comment_status":"closed","ping_status":"closed","template":"","meta":{"footnotes":""},"class_list":["post-2923","page","type-page","status-publish","hentry"],"blocksy_meta":[],"_links":{"self":[{"href":"https:\/\/lokaldigital.netphen.de\/index.php?rest_route=\/wp\/v2\/pages\/2923","targetHints":{"allow":["GET"]}}],"collection":[{"href":"https:\/\/lokaldigital.netphen.de\/index.php?rest_route=\/wp\/v2\/pages"}],"about":[{"href":"https:\/\/lokaldigital.netphen.de\/index.php?rest_route=\/wp\/v2\/types\/page"}],"author":[{"embeddable":true,"href":"https:\/\/lokaldigital.netphen.de\/index.php?rest_route=\/wp\/v2\/users\/10"}],"replies":[{"embeddable":true,"href":"https:\/\/lokaldigital.netphen.de\/index.php?rest_route=%2Fwp%2Fv2%2Fcomments&post=2923"}],"version-history":[{"count":15,"href":"https:\/\/lokaldigital.netphen.de\/index.php?rest_route=\/wp\/v2\/pages\/2923\/revisions"}],"predecessor-version":[{"id":3281,"href":"https:\/\/lokaldigital.netphen.de\/index.php?rest_route=\/wp\/v2\/pages\/2923\/revisions\/3281"}],"wp:attachment":[{"href":"https:\/\/lokaldigital.netphen.de\/index.php?rest_route=%2Fwp%2Fv2%2Fmedia&parent=2923"}],"curies":[{"name":"wp","href":"https:\/\/api.w.org\/{rel}","templated":true}]}}