{"id":1965,"date":"2022-02-18T11:02:07","date_gmt":"2022-02-18T10:02:07","guid":{"rendered":"https:\/\/netphen.projekt-lokal-digital.de\/?page_id=3"},"modified":"2026-02-19T14:46:51","modified_gmt":"2026-02-19T13:46:51","slug":"datenschutzerklaerung-2","status":"publish","type":"page","link":"https:\/\/lokaldigital.netphen.de\/?page_id=1965","title":{"rendered":"Datenschutzerkl\u00e4rung"},"content":{"rendered":"\n<p><strong>Datenschutzerkl\u00e4rung f\u00fcr<br>LOKAL-digital \u2013 Smartes Wissensmanagement f\u00fcr Wohnen, Pflege und Gesundheit<\/strong><\/p>\n\n\n\n<p><a><strong>Datenschutz<\/strong><\/a><strong><\/strong><\/p>\n\n\n\n<p>Der Stadt Netphen ist Datenschutz ein wichtiges Anliegen. Wir legen deshalb auch bei der mit unserer Aufgabenerf\u00fcllung verbundenen Verarbeitung personenbezogener Daten Wert auf eine datensparsame und b\u00fcrgerfreundliche Datenverarbeitung.<br><br>Diese Datenschutzerkl\u00e4rung kl\u00e4rt Sie \u00fcber die Art, den Umfang und Zweck der Verarbeitung von personenbezogenen Daten (nachfolgend kurz \u201eDaten\u201c) innerhalb unseres Onlineangebotes und der mit ihm verbundenen Webseiten, Funktionen und Inhalte sowie externen Onlinepr\u00e4senzen, auf.<br>Im Hinblick auf die verwendeten Begrifflichkeiten, wie z.B. \u201epersonenbezogene Daten\u201c oder deren \u201eVerarbeitung\u201c verweisen wir auf die Definitionen im Art. 4 der Datenschutzgrundverordnung (DSGVO).<\/p>\n\n\n\n<p><br>Stand: 22.06.2023<\/p>\n\n\n\n<p><strong>Name und Kontaktdaten des Verantwortlichen<\/strong><\/p>\n\n\n\n<p>Stadt Netphen<\/p>\n\n\n\n<p>Amtsstra\u00dfe 2 + 6,<br>D-57250 Netphen<br>Telefon: 02738 &#8211; 603-0<br>Telefax: 02738 &#8211; 603-125<br>E-Mail: stadt@netphen.de<br>www.netphen.de<\/p>\n\n\n\n<p>Die Stadt Netphen ist eine Gebietsk\u00f6rperschaft des<br>\u00f6ffentlichen Rechts. Sie wird vertreten durch den B\u00fcrgermeister Paul Wagener.<br>Umsatzsteuer-Identifikationsnummer gem\u00e4\u00df&nbsp;\u00a7&nbsp;27 a Umsatzsteuergesetz:<br>Ust.-ID-Nr. DE126581110<\/p>\n\n\n\n<p><strong>Datenschutzbeauftragter:<\/strong><\/p>\n\n\n\n<p>Beh\u00f6rdlicher Datenschutzbeauftragte der Stadt Netphen<\/p>\n\n\n\n<p>Die\/der Datenschutzbeauftragte der Stadt Netphen:<br>Pers\u00f6nlich<br>Stadt Netphen<br>Amtsstra\u00dfe 2 + 6<br>57250 Netphen<br>E-Mail: datenschutz@netphen.de<\/p>\n\n\n\n<p><strong>Datenerhebung und Protokollierung<\/strong><\/p>\n\n\n\n<p>Bei jedem Aufruf von LOKAL-digital erfasst unser System automatisiert Daten und Informationen vom Computersystem des aufrufenden Rechners.<br>Folgende Daten werden hierbei erhoben:<\/p>\n\n\n\n<ol start=\"1\" style=\"list-style-type:1\" class=\"wp-block-list\">\n<li>Informationen \u00fcber den Browsertyp und die verwendete Version<\/li>\n\n\n\n<li>Das Betriebssystem von Nutzenden<\/li>\n\n\n\n<li>Die IP-Adresse von Nutzenden<\/li>\n\n\n\n<li>Datum und Uhrzeit des Zugriffs<\/li>\n\n\n\n<li>Websites, von denen das System der Nutzenden&nbsp;auf unsere Internetseite gelangt<\/li>\n\n\n\n<li>Websites, die vom System der Nutzenden \u00fcber unsere Website aufgerufen werden<\/li>\n\n\n\n<li>Name der angeforderten Datei<\/li>\n\n\n\n<li>Zugriffsstatus (Datei \u00fcbertragen, Datei nicht gefunden, etc.)<\/li>\n\n\n\n<li>\u00fcbertragene Datenmenge<\/li>\n<\/ol>\n\n\n\n<p>Aus Gr\u00fcnden der technischen Sicherheit, insbesondere zur Abwehr von Angriffsversuchen auf unseren Webserver, werden diese Daten von uns f\u00fcr 90 Tage (ohne Anonymisierung) gespeichert.<\/p>\n\n\n\n<p>Die Speicherung der Daten findet ausschlie\u00dflich auf Servern der S\u00fcdwestfalen-IT (nachfolgend S-IT) statt. Die Daten sind Dritten weder zug\u00e4nglich noch werden sie an Dritte zu kommerziellen oder nichtkommerziellen Zwecken weitergegeben.<\/p>\n\n\n\n<p>Ein Zugriff ist nur einem begrenzten Personenkreis (Administratoren) zug\u00e4nglich. Ein R\u00fcckschluss auf einzelne Personen ist uns anhand dieser Daten nicht m\u00f6glich. In anonymisierter Form werden die Daten daneben zu statistischen Zwecken verarbeitet; ein Abgleich mit anderen Datenbest\u00e4nden findet nicht statt.<\/p>\n\n\n\n<p>Die Daten werden ebenfalls in den Logfiles unseres Systems gespeichert.<\/p>\n\n\n\n<p>Die Erfassung der Daten zur Bereitstellung der Website und die Speicherung der Daten in Logfiles ist f\u00fcr den Betrieb der Internetseite zwingend erforderlich. Es besteht folglich seitens der Nutzenden&nbsp;keine Widerspruchsm\u00f6glichkeit. Eine Speicherung dieser Daten zusammen mit anderen personenbezogenen Daten des Nutzers findet nicht statt. Rechtsgrundlage f\u00fcr die vor\u00fcbergehende Speicherung der Daten und der Logfiles ist Art. 6 Abs. 1 lit. f DSGVO.<\/p>\n\n\n\n<p><strong>Einsatz von Cookies f\u00fcr Webtracking (Reichweitenmessung)<\/strong><\/p>\n\n\n\n<p>Zur korrekten technischen und funktionellen Bereitstellung dieses Informationsangebots verwenden wir Cookies. Cookies sind kleine Textdateien, die auf dem von Ihnen verwendeten Ger\u00e4t gespeichert werden. Ruft ein Nutzer eine Website auf, so kann ein Cookie auf dem Betriebssystem des Nutzers gespeichert werden. Dieser Cookie enth\u00e4lt eine charakteristische Zeichenfolge, die eine eindeutige Identifizierung des Browsers beim erneuten Aufrufen der Website erm\u00f6glicht.<\/p>\n\n\n\n<p>Cookies k\u00f6nnen auf Ihrem Rechner keinen Schaden verursachen. Eine Sicherheitsgef\u00e4hrdung im Sinne von Viren oder Aussp\u00e4hen Ihres Rechners geht von ihnen nicht aus. Den Umgang mit Cookies regeln Sie selbst. Zur Zulassung, Ablehnung, Einsicht und L\u00f6schung nutzen Sie bitte die Hilfefunktion Ihres Browsers. Falls sie Cookies nicht zulassen, k\u00f6nnte es allerdings sein, dass Sie nicht s\u00e4mtliche Funktionen dieser Website in vollem Umfang nutzen k\u00f6nnen.<\/p>\n\n\n\n<p>Wir setzen Cookies ein, um unsere Website nutzerfreundlicher zu gestalten. Einige Elemente unserer Internetseite erfordern es, dass der aufrufende Browser auch nach einem Seitenwechsel identifiziert werden kann.<\/p>\n\n\n\n<p>In den Cookies werden dabei folgende Daten gespeichert und \u00fcbermittelt:<\/p>\n\n\n\n<ol start=\"1\" style=\"list-style-type:1\" class=\"wp-block-list\">\n<li>Schrifteinstellungen<\/li>\n\n\n\n<li>Kontrasteinstellungen<\/li>\n\n\n\n<li>Log-In-Informationen<\/li>\n\n\n\n<li>Sprachinformationen\/Einstellungen zur \u00dcbersetzung<\/li>\n<\/ol>\n\n\n\n<p>Eine genaue \u00dcbersicht aller Cookies, insbesondere deren G\u00fcltigkeit und Funktion, ist unserer Cookie-Richtlinie (<a href=\"https:\/\/lokaldigital.netphen.de\/?page_id=2603\">https:\/\/lokaldigital.netphen.de\/?page_id=2603<\/a>) zu entnehmen.<br><br><\/p>\n\n\n\n<p>Die auf diese Weise erhobenen Daten der Nutzenden werden durch technische Vorkehrungen pseudonymisiert. Daher ist eine Zuordnung der Daten zum aufrufenden Nutzer nicht mehr m\u00f6glich. Die Daten werden nicht gemeinsam mit sonstigen personenbezogenen Daten der Nutzer gespeichert.<\/p>\n\n\n\n<p>Die Verwendung funktionaler Cookies ist freiwillig. Wenn diese Cookies blockiert werden, ist die Bereitstellung bestimmter Funktionen ggf. nicht in vollem Umfang m\u00f6glich.<\/p>\n\n\n\n<p>Technisch notwendige Cookies sind nur f\u00fcr die jeweils aktuelle Sitzung g\u00fcltig und werden automatisch gel\u00f6scht, sobald Sie Ihren Browser schlie\u00dfen.<\/p>\n\n\n\n<p>Die Rechtsgrundlage f\u00fcr die Verarbeitung personenbezogener Daten unter Verwendung von Cookies ist Art. 6 Abs. 1 lit. e DSGVO iV.m. \u00a7 3 BDSG-neu bzw. Art. 6 Abs. 1 lit. a DSGVO f\u00fcr einwilligungsbezogene Cookies.<\/p>\n\n\n\n<p><em>Ggf. verwenden wir nach Erteilung der Einwilligung Cookies zur Analyse des Surfverhaltens der Nutzerinnen und Nutzer dieses Internetangebots, vgl. den Punkt \u201eWebanalyse-Tool Matomo\u201c<\/em><\/p>\n\n\n\n<h2 class=\"wp-block-heading\">Webanalyse-Tool Matomo<\/h2>\n\n\n\n<p>Unter der Voraussetzung, dass Sie uns diesbez\u00fcglich Ihre Einwilligung erteilen, werten wir das Nutzerverhalten aus, um unseren Internetauftritt f\u00fcr Sie und andere Benutzer m\u00f6glichst bedarfsgerecht zu gestalten. Hierzu verwenden wir das Webanalyse-Tool Matomo Analytics.<\/p>\n\n\n\n<p>Der Dienst verwendet Cookie-Textdateien, die auf Ihrem Endger\u00e4t gespeichert werden. Sie dienen der Auswertung von Besucherzugriffen auf die einzelnen Seiten der Homepage. Dabei erfolgt eine Speicherung der durch die Cookies erzeugten Informationen auf unserem Server im Rechenzentrum der S-IT. Ihre IP-Adresse wird dabei unmittelbar nach der Verarbeitung der Informationen und noch vor der Speicherung der erzeugten Cookie-Daten anonymisiert.<\/p>\n\n\n\n<p>Cookies werden auf dem Rechner der nutzenden Personen gespeichert und von diesem an unserer Seite \u00fcbermittelt. Daher haben Sie auch die volle Kontrolle \u00fcber die Verwendung von Cookies. Durch eine \u00c4nderung der Einstellungen in Ihrem Internetbrowser k\u00f6nnen Sie die \u00dcbertragung von Cookies deaktivieren oder einschr\u00e4nken. Bereits gespeicherte Cookies k\u00f6nnen jederzeit gel\u00f6scht werden. Dies kann auch automatisiert erfolgen.<\/p>\n\n\n\n<p>Durch Cookies gewonnene Daten, wie beispielsweise die L\u00e4nge der Verweildauer auf der Website von LOKAL-digital oder eingegebene Suchbegriffe, werden auf Basis Ihrer Einwilligung von uns verarbeitet. Diese Daten erm\u00f6glichen uns R\u00fcckschl\u00fcsse \u00fcber technische Parameter (z.&nbsp;B. das von Ihnen verwendete Betriebssystem oder die Bildschirmaufl\u00f6sung auf dem von Ihnen verwendeten Endger\u00e4t) sowie \u00fcber die Nutzung unseres Internetauftritts. Ihre IP-Adresse wird dabei vor der Speicherung und der weiteren Verarbeitung anonymisiert.<br>Cookies enthalten lediglich anonymisierte Daten; ein Personenbezug kann wegen der anonymisierten Speicherung der IP-Adresse nicht hergestellt werden.<\/p>\n\n\n\n<p>Die Software l\u00e4uft dabei ausschlie\u00dflich auf den Servern unserer Webseite. Eine Speicherung der personenbezogenen Daten von Nutzenden&nbsp;findet nur dort statt. Eine Weitergabe der Daten an Dritte erfolgt nicht.<\/p>\n\n\n\n<p>Wenn Sie mit der Speicherung und Auswertung dieser Daten aus Ihrem Besuch nicht einverstanden sind, dann k\u00f6nnen Sie der Speicherung und Nutzung nachfolgend per Mausklick jederzeit widersprechen. In diesem Fall wird in Ihrem Browser ein sog. Opt-Out-Cookie abgelegt, was zur Folge hat, dass Matomo keinerlei Sitzungsdaten erhebt.<br><br>Achtung: Wenn Sie Ihre Cookies l\u00f6schen, so hat dies zur Folge, dass auch das Opt-Out-Cookie gel\u00f6scht wird und ggf. von Ihnen erneut aktiviert werden muss. Die \u00fcbermittelten Daten zur Auswertung durch Matomo-Analytics werden ausschlie\u00dflich zu internen Zwecken verwendet, es erfolgt keine Weitergabe dieser Daten an Dritte.<\/p>\n\n\n\n<p><strong>Weitergabe personenbezogener Daten an Dritte&nbsp;&nbsp;&nbsp;&nbsp;&nbsp;&nbsp;&nbsp;<\/strong><br>Die beim Zugriff auf das Internetangebot \u201eLOKAL-digital\u201c der Stadt Netphen protokollierten Daten werden nur dann an Dritte \u00fcbermittelt, wenn wir gesetzlich oder durch Gerichtsentscheidung dazu verpflichtet sind oder dies im Falle von Angriffen auf die Internetinfrastruktur zur Rechts- oder Strafverfolgung erforderlich ist.<br>Eine Weitergabe an Dritte, zu kommerziellen oder nichtkommerziellen Zwecken, findet dar\u00fcber hinaus nicht statt.<\/p>\n\n\n\n<p><strong>Freiwillige Angabe von Daten<\/strong><br>Neben den oben genannten Daten werden personenbezogene Daten nur dann erhoben und gespeichert, wenn Sie uns ausdr\u00fccklich und wissentlich solche Informationen f\u00fcr bestimmte Zwecke, Dienste und Funktionen zur Verf\u00fcgung stellen. Dies betrifft bei Anfragen via E-Mail oder der Nutzung des Beitragsvorschlags folgende Daten:<br>\u2022 Vor- und Nachname<br>\u2022 Adresse bzw. Ortsangabe<br>\u2022 E-Mail-Adresse<\/p>\n\n\n\n<p>\u2022 URL zum Internetauftritt<\/p>\n\n\n\n<p>\u2022 Beitrag mit Text, Bild und Medienformaten (z.B. PDF, Link zu Video, Links zu Social-Media-<br>&nbsp;&nbsp; Plattformen<br><br><\/p>\n\n\n\n<p>Dabei unterliegen Ihre Daten beh\u00f6rdenintern dem Datenschutz und sind zweckgebunden. Sie werden gel\u00f6scht, wenn sie nicht mehr zur Erledigung der angefragten oder beantragten Aufgabe ben\u00f6tigt werden. Es erfolgt keine Weitergabe an Dritte. Die Nutzung der angebotenen Serviceleistungen und Dienste erfolgt auf freiwilliger Basis.<br><br><\/p>\n\n\n\n<p><strong>Zwecke und Rechtsgrundlagen f\u00fcr die Verarbeitung personenbezogener Daten<br><br><\/strong><strong><\/strong><\/p>\n\n\n\n<p>Die Rechtsgrundlage f\u00fcr die Verarbeitung Ihrer Daten ergibt sich, soweit nichts anderes angegeben ist, aus \u00a7 3 Abs. 1 des Datenschutzgesetz Nordrhein-Westfalen (DSG NRW) in Verbindung mit Art.&nbsp;6 Abs. 1 Unterabsatz 1 Buchstabe e der Datenschutzgrundverordnung (DSGVO). Demnach ist es uns erlaubt, die zur Erf\u00fcllung einer uns obliegenden Aufgabe erforderlichen Daten zu verarbeiten.<\/p>\n\n\n\n<p>Soweit Sie in eine Verarbeitung eingewilligt haben, st\u00fctzt sich die Datenverarbeitung auf Art.&nbsp;6 Abs. 1 Unterabsatz 1 Buchstabe a DSGVO.<br><br>Bei der Verarbeitung von personenbezogenen Daten, die zur Erf\u00fcllung eines Vertrages, dessen Vertragspartei die betroffene Person ist, erforderlich ist, dient Art. 6 Abs. 1 lit. b DSGVO als Rechtsgrundlage. Dies gilt auch f\u00fcr Verarbeitungsvorg\u00e4nge, die zur Durchf\u00fchrung vorvertraglicher Ma\u00dfnahmen erforderlich sind. Soweit eine Verarbeitung personenbezogener Daten zur Erf\u00fcllung einer rechtlichen Verpflichtung erforderlich ist, der unser Unternehmen unterliegt, dient Art. 6 Abs. 1 lit. c DSGVO als Rechtsgrundlage.<br><br>F\u00fcr den Fall, dass lebenswichtige Interessen der betroffenen Person oder einer anderen nat\u00fcrlichen Person eine Verarbeitung personenbezogener Daten erforderlich machen, dient Art. 6 Abs. 1 lit. d DSGVO als Rechtsgrundlage.<br><br>Ist die Verarbeitung zur Wahrung eines berechtigten Interesses der Stadt Netphen oder eines Dritten erforderlich und \u00fcberwiegen die Interessen, Grundrechte und Grundfreiheiten des Betroffenen das erstgenannte Interesse nicht, so dient Art. 6 Abs. 1 lit. f DSGVO als Rechtsgrundlage f\u00fcr die Verarbeitung.<br><br><\/p>\n\n\n\n<p><strong>Dauer der Speicherung der personenbezogenen Daten<br><br><\/strong><\/p>\n\n\n\n<p>Wir speichern Ihre Daten solange dies f\u00fcr die Erf\u00fcllung der Aufgabe, zu Dokumentationspflichten bzw. aufgrund gesetzlicher Aufbewahrungsfristen erforderlich ist.<\/p>\n\n\n\n<p>Eine Speicherung kann dar\u00fcber hinaus erfolgen, wenn dies durch den europ\u00e4ischen oder nationalen Gesetzgeber in unionsrechtlichen Verordnungen, Gesetzen oder sonstigen Vorschriften, denen der Verantwortliche unterliegt, vorgesehen wurde. Eine Sperrung oder L\u00f6schung der Daten erfolgt auch dann, wenn eine durch die genannten Normen vorgeschriebene Speicherfrist abl\u00e4uft, es sei denn, dass eine Erforderlichkeit zur weiteren Speicherung der Daten f\u00fcr einen Vertragsabschluss oder eine Vertragserf\u00fcllung besteht.<\/p>\n\n\n\n<p><strong>Rechte der betroffenen Personen<\/strong><\/p>\n\n\n\n<p>Soweit wir von Ihnen personenbezogene Daten verarbeiten, stehen Ihnen als betroffene Person nachfolgende Rechte zu:<\/p>\n\n\n\n<ul class=\"wp-block-list\">\n<li>Sie k\u00f6nnen Auskunft dazu verlangen, ob wir personenbezogene Daten von Ihnen verarbeiten. Ist dies der Fall, so haben Sie ein Recht auf Auskunft \u00fcber diese Daten sowie auf weitere mit der Verarbeitung zusammenh\u00e4ngende Informationen (Art.&nbsp;15 Datenschutz-Grundverordnung &#8211; DSGVO). Bitte beachten Sie, dass dieses Auskunftsrecht in bestimmten F\u00e4llen eingeschr\u00e4nkt oder ausgeschlossen sein kann (vgl. insbesondere \u00a7 12 DSG NRW). F\u00fcr den Fall, dass personenbezogene Daten \u00fcber Sie nicht (mehr) zutreffend oder unvollst\u00e4ndig sind, k\u00f6nnen Sie eine Berichtigung und gegebenenfalls Vervollst\u00e4ndigung dieser Daten verlangen (Art.&nbsp;16 DSGVO).<\/li>\n\n\n\n<li>Bei Vorliegen der gesetzlichen Voraussetzungen k\u00f6nnen Sie die L\u00f6schung Ihrer personenbezogenen Daten (Art.&nbsp;17 DSGVO) oder die Einschr\u00e4nkung der Verarbeitung dieser Daten (Art.&nbsp;18 DSGVO) verlangen. Das Recht auf L\u00f6schung nach Art.&nbsp;17 Abs. 1 und 2 DSGVO besteht jedoch unter anderem dann nicht, wenn die Verarbeitung personenbezogener Daten erforderlich ist zur Wahrnehmung einer Aufgabe, die im \u00f6ffentlichen Interesse liegt oder in Aus\u00fcbung \u00f6ffentlicher Gewalt erfolgt (Art.&nbsp;17 Abs. 3 Buchstabe b DSGVO).<\/li>\n\n\n\n<li>Falls Sie in die Verarbeitung eingewilligt haben und die Verarbeitung auf dieser Einwilligung beruht, k\u00f6nnen Sie die Einwilligung jederzeit f\u00fcr die Zukunft widerrufen. Die Rechtm\u00e4\u00dfigkeit der aufgrund der Einwilligung bis zum Widerruf erfolgten Datenverarbeitung wird durch diesen nicht ber\u00fchrt.<\/li>\n\n\n\n<li>Aus Gr\u00fcnden, die sich aus Ihrer besonderen Situation ergeben, k\u00f6nnen Sie der Verarbeitung Sie betreffender personenbezogener Daten durch uns zudem jederzeit widersprechen (Art.&nbsp;21 DSGVO). Sofern die gesetzlichen Voraussetzungen vorliegen, verarbeiten wir in der Folge Ihre personenbezogenen Daten nicht mehr.<\/li>\n<\/ul>\n\n\n\n<p>Weitere Einschr\u00e4nkungen, Modifikationen und gegebenenfalls Ausschl\u00fcsse der vorgenannten Rechte k\u00f6nnen sich aus der Datenschutz-Grundverordnung oder nationalen Rechtsvorschriften ergeben.<\/p>\n\n\n\n<p>Ausf\u00fchrlichere Informationen zu diesen Rechten erteilt Ihnen auch unser beh\u00f6rdlicher<br>Datenschutzbeauftragter.<\/p>\n\n\n\n<p><strong>Beschwerderecht bei der Aufsichtsbeh\u00f6rde<\/strong><\/p>\n\n\n\n<p>Weiterhin besteht ein Beschwerderecht bei der Landesbeauftragten f\u00fcr Datenschutz und Informationsfreiheit in Nordrhein-Westfalen (LDI NRW).<br>Diese k\u00f6nnen Sie unter folgenden Kontaktdaten erreichen:<\/p>\n\n\n\n<p>Landesbeauftragte f\u00fcr Datenschutz und Informationsfreiheit<br>Nordrhein-Westfalen<br>Kavalleriestra\u00dfe 2 &#8211; 4<br>40213 D\u00fcsseldorf<\/p>\n\n\n\n<p>E-Mail: <a href=\"mailto:poststelle@ldi.nrw.de\">poststelle@ldi.nrw.de<\/a><\/p>\n\n\n\n<p>Online-Meldung: &nbsp;<a href=\"https:\/\/www.ldi.nrw.de\/kontakt\/ihre-beschwerde\">https:\/\/www.ldi.nrw.de\/kontakt\/ihre-beschwerde<\/a><\/p>\n\n\n\n<p><strong>Technische Umsetzung<\/strong><\/p>\n\n\n\n<p>Unser Web-Server wird durch die S\u00fcdwestfalen-IT (Zweckverband) betrieben. Die von Ihnen im Rahmen des Besuchs unseres Webauftritts \u00fcbermittelten personenbezogenen Daten werden daher in unserem Auftrag durch die S-IT verarbeitet:<br><br><\/p>\n\n\n\n<p><em><u>Bezeichnung und Kontaktdaten der Stelle:<\/u><\/em><em><br><\/em>S\u00fcdwestfalen-IT (Zweckverband)<br>Sonnenblumenallee 3<br>58675 Hemer<br>Telefon: +49 271 30321-0<br>E-Mail: kundenservice(at)sit.nrw<a href=\"https:\/\/www.sit.nrw\/datenschutz\">https:\/\/www.sit.nrw\/datenschutz<\/a><em><br><br><\/em><\/p>\n\n\n\n<p><strong>Link zu Webseiten anderer Anbieter<\/strong><em><br><\/em>Unser Online-Angebot enth\u00e4lt Links zu Webseiten anderer Anbieter, auf die sich unsere Datenschutzerkl\u00e4rung nicht erstreckt. Wir weisen darauf hin, dass die Betreiber dieser fremden Internetseiten die Daten von Besucherinnen bzw. Besuchern erheben, auswerten und weiterverarbeiten k\u00f6nnen. Wir haben keinen Einfluss auf den Inhalt und die Einhaltung der Datenschutzbestimmungen durch diese Anbieter und bitten Sie daher, sich beim Besuch dieser Internetseiten \u00fcber die dort geltenden Richtlinien zu informieren. Wenn Sie das Informationsangebot von \u201eLOKAL-digital\u201c \u00fcber eine Verlinkung verlassen, werden Sie \u00fcber eine auf dem Bildschirm angezeigte Meldung \u00fcber diesen Sachverhalt informiert.<\/p>\n\n\n\n<p><strong>Einbindung von YouTube-Videos und SocialPlugins<\/strong><\/p>\n\n\n\n<p>Beim Besuch unserer Internetseite werden \u00fcber eine sogenannte Zwei-Klick-L\u00f6sung Zusatzdienste von YouTube und SocialPlugins (z.&nbsp;B. Twitter und Facebook) angeboten. Beim ersten Aufruf der Website werden keine Daten an die Betreiber \u00fcbermittelt. Erst nachdem Sie als Nutzer durch einen entsprechenden Klick in das Opt-In-Verfahren eingewilligt haben, werden ab sofort und bei jedem weiteren Besuch Daten (unter anderem die URL der aktuellen Seite sowie Ihre IP-Adresse) an den jeweiligen Betreiber \u00fcbertragen. Als Nutzer k\u00f6nnen Sie damit selbst entscheiden, ob Sie der Aktivierung dieser Angebote und der Daten\u00fcbermittlung zustimmen. Sie k\u00f6nnen diese Einwilligung jederzeit widerrufen und durch den entsprechenden Klick auf der Homepage die weitere Daten\u00fcbermittlung an die Betreiber unterbinden.<\/p>\n\n\n\n<p><strong>Elektronische Post (E-Mail)<\/strong><\/p>\n\n\n\n<p>Informationen, die Sie unverschl\u00fcsselt per Elektronische Post (E-Mail) an uns senden, k\u00f6nnen m\u00f6glicherweise auf dem \u00dcbertragungsweg von Dritten gelesen werden. Wir k\u00f6nnen in der Regel auch Ihre Identit\u00e4t nicht \u00fcberpr\u00fcfen und wissen nicht, wer sich hinter einer E-Mail-Adresse verbirgt. Eine rechtssichere Kommunikation durch einfache E-Mail ist daher nicht gew\u00e4hrleistet. Wir setzen &#8211; wie viele E-Mail-Anbieter &#8211; Filter gegen unerw\u00fcnschte Werbung (\u201eSPAM-Filter\u201c) ein, die in seltenen F\u00e4llen auch normale E-Mails f\u00e4lschlicherweise automatisch als unerw\u00fcnschte Werbung einordnen und l\u00f6schen. E-Mails, die sch\u00e4digende Programme (\u201eViren\u201c) enthalten, werden von uns in jedem Fall automatisch gel\u00f6scht.<\/p>\n\n\n\n<p>Wenn Sie schutzw\u00fcrdige Nachrichten an uns senden wollen, empfehlen wir, unser sicheres Kontaktformular&nbsp;zu nutzen. Wir m\u00f6chten Sie darauf aufmerksam machen, dass an die Stadt Netphen gesandte E-Mails im Rahmen der Risikominderung automatisiert auf Schadware und unerw\u00fcnschte Werbung untersucht werden, bevor eine Zustellung an bzw. Benachrichtigung des E-Mail-Empf\u00e4ngers erfolgt. Anh\u00e4nge werden ebenfalls untersucht und k\u00f6nnen situationsbedingt abgewiesen werden. Eine entsprechende Liste wird bei Bedarf angepasst. Ferner k\u00f6nnen empfangene E-Mails seitens des Empf\u00e4ngers erforderlichenfalls weitergeleitet, gespeichert\/archiviert oder anderweitig als Teil der Gesch\u00e4ftsprozesse verarbeitet werden.<br><br>Die in diesem Zusammenhang anfallenden Daten werden gel\u00f6scht, nachdem die Speicherung zur Bearbeitung Ihres Anliegens nicht mehr erforderlich ist. Soweit mit Blick auf nicht mehr zur Bearbeitung Ihres Anliegens erforderliche Daten, gesetzliche Aufbewahrungspflichten bestehen, schr\u00e4nken wir die Verarbeitung ein. Die L\u00f6schung erfolgt mit Ende der gesetzlichen Aufbewahrungspflichten. Grundlage ist &#8211; soweit keine spezialgesetzlichen Vorschriften eingreifen &#8211; \u00a73, Abs. 1 DSG NRW.<\/p>\n\n\n\n<p><strong>Weiterer Hinweis zur Datenschutzerkl\u00e4rung<\/strong><\/p>\n\n\n\n<p>Wir behalten uns vor, diese Datenschutzerkl\u00e4rung gelegentlich anzupassen, damit sie stets den aktuellen rechtlichen Anforderungen entspricht.<\/p>\n\n\n\n<p><\/p>\n","protected":false},"excerpt":{"rendered":"<p>Datenschutzerkl\u00e4rung f\u00fcrLOKAL-digital \u2013 Smartes Wissensmanagement f\u00fcr Wohnen, Pflege und Gesundheit Datenschutz Der Stadt Netphen ist Datenschutz ein wichtiges Anliegen. Wir legen deshalb auch bei der mit unserer Aufgabenerf\u00fcllung verbundenen Verarbeitung personenbezogener Daten Wert auf eine datensparsame und b\u00fcrgerfreundliche Datenverarbeitung. Diese Datenschutzerkl\u00e4rung kl\u00e4rt Sie \u00fcber die Art, den Umfang und Zweck der Verarbeitung von personenbezogenen Daten [&hellip;]<\/p>\n","protected":false},"author":10,"featured_media":0,"parent":0,"menu_order":0,"comment_status":"closed","ping_status":"open","template":"","meta":{"footnotes":""},"class_list":["post-1965","page","type-page","status-publish","hentry"],"blocksy_meta":{"styles_descriptor":{"styles":{"desktop":"","tablet":"","mobile":""},"google_fonts":[],"version":6}},"_links":{"self":[{"href":"https:\/\/lokaldigital.netphen.de\/index.php?rest_route=\/wp\/v2\/pages\/1965","targetHints":{"allow":["GET"]}}],"collection":[{"href":"https:\/\/lokaldigital.netphen.de\/index.php?rest_route=\/wp\/v2\/pages"}],"about":[{"href":"https:\/\/lokaldigital.netphen.de\/index.php?rest_route=\/wp\/v2\/types\/page"}],"author":[{"embeddable":true,"href":"https:\/\/lokaldigital.netphen.de\/index.php?rest_route=\/wp\/v2\/users\/10"}],"replies":[{"embeddable":true,"href":"https:\/\/lokaldigital.netphen.de\/index.php?rest_route=%2Fwp%2Fv2%2Fcomments&post=1965"}],"version-history":[{"count":2,"href":"https:\/\/lokaldigital.netphen.de\/index.php?rest_route=\/wp\/v2\/pages\/1965\/revisions"}],"predecessor-version":[{"id":3264,"href":"https:\/\/lokaldigital.netphen.de\/index.php?rest_route=\/wp\/v2\/pages\/1965\/revisions\/3264"}],"wp:attachment":[{"href":"https:\/\/lokaldigital.netphen.de\/index.php?rest_route=%2Fwp%2Fv2%2Fmedia&parent=1965"}],"curies":[{"name":"wp","href":"https:\/\/api.w.org\/{rel}","templated":true}]}}