{"id":1151,"date":"2022-06-03T09:12:47","date_gmt":"2022-06-03T07:12:47","guid":{"rendered":"https:\/\/netphen.projekt-lokal-digital.de\/?page_id=1151"},"modified":"2023-09-04T12:16:33","modified_gmt":"2023-09-04T10:16:33","slug":"beitrags-assistent","status":"publish","type":"page","link":"https:\/\/lokaldigital.netphen.de\/?page_id=1151","title":{"rendered":"Beitrags-Assistent"},"content":{"rendered":"\n<h3 class=\"wp-block-heading has-palette-color-8-color has-palette-color-4-background-color has-text-color has-background\">Sie m\u00f6chten uns auf ein bestehendes Web-Angebot hinweisen und um dessen Aufnahme in unser Informationsangebot bitten? Dann nutzen Sie gerne den Beitrags-Assistent zur Mitwirkung!<\/h3>\n\n\n\n<h2 class=\"wp-block-heading\">Beitrags-Assistent<\/h2>\n\n\n\n<p>Nutzen Sie bitte das folgende Formular zum Vorschlagen neuer Beitr\u00e4ge, welche aus Ihrer Sicht unter dieser Webseite ver\u00f6ffentlicht werden sollten. Wir pr\u00fcfen diese gerne und geben diese bei inhaltlicher Passung frei.<\/p>\n\n\n\n<p>Inhaltliche Anforderungen: Bitte helfen Sie mit, die Neutralit\u00e4t dieser Seite zu wahren und senden Sie keine Beitr\u00e4ge mit politischem, diskriminierenden oder anderweitig rechtsverletzendem Inhalt ein. Um einen Eingriff in das freie Marktgeschehen zu verhindern verzichten Sie bitte auf die Anf\u00fchrung von Preisen.<\/p>\n\n\n\n<p>Nennen Sie uns hierzu die Adresse der Webseite (Ihre URL), einen Titel der als \u00dcberschrift f\u00fcr einen zuk\u00fcnftigen Beitrag genutzt werden sollte sowie Kategorie und Schlagw\u00f6rter unter denen der Beitrag zu finden sein wird. Im Freitextfeld k\u00f6nnen Sie einen textuellen Vorschlag oder weitere Hinweise f\u00fcr den Beitrag geben. <br>Wichtig: Bitte geben Sie vollst\u00e4ndige Kontaktinformationen an.<\/p>\n\n\n\n<!-- User Submitted Posts @ https:\/\/m0n.co\/usp -->\n\n<div id=\"user-submitted-posts\">\n\t\t\n\t<form id=\"usp_form\" method=\"post\" enctype=\"multipart\/form-data\" action=\"\">\n\t\t<div id=\"usp-error-message\" class=\"usp-callout-failure usp-hidden\">Please complete the required fields.<\/div>\n\t\t\t\t\n\t\t<fieldset class=\"usp-name\">\n\t\t\t<label for=\"user-submitted-name\">Your Name<\/label>\n\t\t\t<input id=\"user-submitted-name\" name=\"user-submitted-name\" type=\"text\" value=\"\" placeholder=\"Your Name\" data-required=\"true\" required class=\"usp-input\">\n\t\t<\/fieldset>\n\t\t\t\t\n\t\t<fieldset class=\"usp-email\">\n\t\t\t<label for=\"user-submitted-email\">Your Email<\/label>\n\t\t\t<input id=\"user-submitted-email\" name=\"user-submitted-email\" type=\"email\" data-parsley-type=\"email\" value=\"\" placeholder=\"Your Email\" data-required=\"true\" required class=\"usp-input\">\n\t\t<\/fieldset>\n\t\t\t\t\n\t\t<fieldset class=\"usp-url\">\n\t\t\t<label for=\"user-submitted-url\">Your URL<\/label>\n\t\t\t<input id=\"user-submitted-url\" name=\"user-submitted-url\" type=\"url\" data-parsley-type=\"url\" value=\"\" placeholder=\"Your URL\" data-required=\"true\" required class=\"usp-input\">\n\t\t<\/fieldset>\n\t\t\t\t\n\t\t<fieldset class=\"usp-title\">\n\t\t\t<label for=\"user-submitted-title\">Post Title<\/label>\n\t\t\t<input id=\"user-submitted-title\" name=\"user-submitted-title\" type=\"text\" value=\"\" placeholder=\"Post Title\" data-required=\"true\" required class=\"usp-input\">\n\t\t<\/fieldset>\n\t\t\t\t\t\t\n\t\t<fieldset class=\"usp-tags\">\n\t\t\t<label for=\"user-submitted-tags\">Post Tags<\/label>\n\t\t\t<select id=\"user-submitted-tags\" name=\"user-submitted-tags[]\" data-required=\"true\" required class=\"usp-select usp-multiple\" multiple=\"multiple\">\n\t\t\t\t<option value=\"\" disabled>Please select some tags..<\/option>\n\t\t\t\t<option value=\"afholderbach\">Afholderbach<\/option><option value=\"alarmrufsystem\">Alarmrufsystem<\/option><option value=\"alt-werthenbach\">Alt-Werthenbach<\/option><option value=\"ambient-assisted-living\">Ambient Assisted Living<\/option><option value=\"angehoerige\">Angeh\u00f6rige<\/option><option value=\"app\">App<\/option><option value=\"ausweis\">Ausweis<\/option><option value=\"badsanierung\">Badsanierung<\/option><option value=\"barrierefreiheit\">Barrierefreiheit<\/option><option value=\"baubegleitung\">Baubegleitung<\/option><option value=\"bauen\">Bauen<\/option><option value=\"bauwirtschaft\">Bauwirtschaft<\/option><option value=\"begleitung\">Begleitung<\/option><option value=\"behinderung\">Behinderung<\/option><option value=\"beienbach\">Beienbach<\/option><option value=\"beratung\">Beratung<\/option><option value=\"besucherdienst\">Besucherdienst<\/option><option value=\"besuchsdienst\">Besuchsdienst<\/option><option value=\"betreutes-wohnen\">Betreutes Wohnen<\/option><option value=\"betreuung\">Betreuung<\/option><option value=\"brauersdorf\">Brauersdorf<\/option><option value=\"bundesministerium\">Bundesministerium<\/option><option value=\"buergerbus\">B\u00fcrgerbus<\/option><option value=\"computer\">Computer<\/option><option value=\"darlehen\">Darlehen<\/option><option value=\"deutschland\">Deutschland<\/option><option value=\"deuz\">Deuz<\/option><option value=\"digital\">Digital<\/option><option value=\"digitalisierung\">Digitalisierung<\/option><option value=\"digitalisierung-in-der-freizeit\">Digitalisierung in der Freizeit<\/option><option value=\"digitalisierung-in-der-pflege\">Digitalisierung in der Pflege<\/option><option value=\"dreis-tiefenbach\">Dreis-Tiefenbach<\/option><option value=\"eckmannshausen\">Eckmannshausen<\/option><option value=\"ehrenamt\">Ehrenamt<\/option><option value=\"eigenheim\">Eigenheim<\/option><option value=\"einbruchschutz\">Einbruchschutz<\/option><option value=\"einkaufsservice\">Einkaufsservice<\/option><option value=\"einsamkeit\">Einsamkeit<\/option><option value=\"entlastungsleistung\">Entlastungsleistung<\/option><option value=\"eschenbach\">Eschenbach<\/option><option value=\"fahrrad\">Fahrrad<\/option><option value=\"familienpflegezeit\">Familienpflegezeit<\/option><option value=\"foerderprogramm\">F\u00f6rderprogramm<\/option><option value=\"foerderung\">F\u00f6rderung<\/option><option value=\"formular\">Formular<\/option><option value=\"forschung\">Forschung<\/option><option value=\"freizeitaktivitaet\">Freizeitaktivit\u00e4t<\/option><option value=\"frohnhausen\">Frohnhausen<\/option><option value=\"gesundheitspraevention\">Gesundheitspr\u00e4vention<\/option><option value=\"grissenbach\">Grissenbach<\/option><option value=\"hainchen\">Hainchen<\/option><option value=\"handwerk\">Handwerk<\/option><option value=\"handwerk-4-0\">Handwerk 4.0<\/option><option value=\"haus\">Haus<\/option><option value=\"haushalt\">Haushalt<\/option><option value=\"hausnotruf\">Hausnotruf<\/option><option value=\"heimat-2-0\">Heimat 2.0<\/option><option value=\"heimat-und-region\">Heimat und Region<\/option><option value=\"helgersdorf\">Helgersdorf<\/option><option value=\"herzhausen\">Herzhausen<\/option><option value=\"hilfsmittel\">Hilfsmittel<\/option><option value=\"hohenroth\">Hohenroth<\/option><option value=\"home-and-living\">Home and Living<\/option><option value=\"industrie-4-0\">Industrie 4.0<\/option><option value=\"informationplattform\">Informationplattform<\/option><option value=\"irmgarteichen\">Irmgarteichen<\/option><option value=\"kino\">Kino<\/option><option value=\"konzert\">Konzert<\/option><option value=\"kultur\">Kultur<\/option><option value=\"kulturbuero\">Kulturb\u00fcro<\/option><option value=\"kurzzeitpflege\">Kurzzeitpflege<\/option><option value=\"langzeitpflege\">Langzeitpflege<\/option><option value=\"leben\">Leben<\/option><option value=\"leichter-pflegebedarf\">Leichter Pflegebedarf<\/option><option value=\"lernen\">Lernen<\/option><option value=\"lernen-und-wissenstransfer\">Lernen und Wissenstransfer<\/option><option value=\"malteser\">Malteser<\/option><option value=\"mehrgenerationenhaus\">Mehrgenerationenhaus<\/option><option value=\"menueservice\">Men\u00fcservice<\/option><option value=\"mietwohnung\">Mietwohnung<\/option><option value=\"mittlerer-bis-schwerer-pflegebedarf\">Mittlerer- bis schwerer Pflegebedarf<\/option><option value=\"mobilitaet\">Mobilit\u00e4t<\/option><option value=\"museum\">Museum<\/option><option value=\"musik\">Musik<\/option><option value=\"natur\">Natur<\/option><option value=\"nenkersdorf\">Nenkersdorf<\/option><option value=\"netphen\">Netphen<\/option><option value=\"notebook\">Notebook<\/option><option value=\"nrw\">NRW<\/option><option value=\"obernautalsperre\">Obernautalsperre<\/option><option value=\"oelgershausen\">Oelgershausen<\/option><option value=\"pc\">PC<\/option><option value=\"pflege\">Pflege<\/option><option value=\"pflege-und-gesundheit\">Pflege und Gesundheit<\/option><option value=\"pflegedienst\">Pflegedienst<\/option><option value=\"pflegedienstleistung\">Pflegedienstleistung<\/option><option value=\"pflegegeld\">Pflegegeld<\/option><option value=\"pflegegrad-1\">Pflegegrad 1<\/option><option value=\"pflegegrad-2\">Pflegegrad 2<\/option><option value=\"pflegegrad-3\">Pflegegrad 3<\/option><option value=\"pflegegrad-4\">Pflegegrad 4<\/option><option value=\"pflegegrad-5\">Pflegegrad 5<\/option><option value=\"pflegeleistung\">Pflegeleistung<\/option><option value=\"pflegesachleistung\">Pflegesachleistung<\/option><option value=\"pflegetelefon\">Pflegetelefon<\/option><option value=\"praevention\">Pr\u00e4vention<\/option><option value=\"regional\">Regional<\/option><option value=\"regionales-angebot\">Regionales Angebot<\/option><option value=\"salchendorf\">Salchendorf<\/option><option value=\"sanitaer\">Sanit\u00e4r<\/option><option value=\"sanitaetshaus\">Sanit\u00e4tshaus<\/option><option value=\"schlaganfall\">Schlaganfall<\/option><option value=\"schwerbehinderung\">Schwerbehinderung<\/option><option value=\"seniorenbuero\">Seniorenb\u00fcro<\/option><option value=\"senior-innen\">Seniorinnen und Senioren<\/option><option value=\"service\">Service<\/option><option value=\"sicher-zu-hause\">Sicher zu Hause<\/option><option value=\"sicherheit\">Sicherheit<\/option><option value=\"siegen-wittgenstein\">Siegen-Wittgenstein<\/option><option value=\"smart-home\">Smart Home<\/option><option value=\"smartphone\">Smartphone<\/option><option value=\"sohlbach\">Sohlbach<\/option><option value=\"sport\">Sport<\/option><option value=\"sprachkurs\">Sprachkurs<\/option><option value=\"sturzpraevention\">Sturzpr\u00e4vention<\/option><option value=\"tablet\">Tablet<\/option><option value=\"teilhabe\">Teilhabe<\/option><option value=\"theater\">Theater<\/option><option value=\"therapie\">Therapie<\/option><option value=\"treff\">Treff<\/option><option value=\"uebungen\">\u00dcbungen<\/option><option value=\"umbau\">Umbau<\/option><option value=\"unglinghausen\">Unglinghausen<\/option><option value=\"unterstuetzung\">Unterst\u00fctzung<\/option><option value=\"unterstuetzung-im-alltag\">Unterst\u00fctzung im Alltag<\/option><option value=\"verein\">Verein<\/option><option value=\"verhinderungspflege\">Verhinderungspflege<\/option><option value=\"vermieter\">Vermieter<\/option><option value=\"walpersdorf\">Walpersdorf<\/option><option value=\"werthenbach-bahnhof\">Werthenbach-Bahnhof<\/option><option value=\"wissensmanagement\">Wissensmanagement<\/option><option value=\"wohnberatung\">Wohnberatung<\/option><option value=\"wohnen-und-leben\">Wohnen und Leben<\/option><option value=\"wohngeld\">Wohngeld<\/option><option value=\"wohnraumfoerderung\">Wohnraumf\u00f6rderung<\/option><option value=\"wohnung\">Wohnung<\/option><option value=\"wohnungswirtschaft\">Wohnungswirtschaft<\/option><option value=\"zuschuss\">Zuschuss<\/option>\t\t\t<\/select>\n\t\t<\/fieldset>\n\t\t\t\t\t\t\n\t\t<fieldset class=\"usp-captcha\">\n\t\t\t<label for=\"user-submitted-captcha\">5 + 3 =<\/label>\n\t\t\t<input id=\"user-submitted-captcha\" name=\"user-submitted-captcha\" type=\"text\" value=\"\" placeholder=\"Antispam Question\" data-required=\"true\" required class=\"usp-input user-submitted-captcha\" data-parsley-excluded=\"true\">\n\t\t<\/fieldset>\n\t\t\t\t\n\t\t<fieldset class=\"usp-category\">\n\t\t\t<label for=\"user-submitted-category\">Post Category<\/label>\n\t\t\t<select id=\"user-submitted-category\" data-required=\"true\" required multiple=\"multiple\" class=\"usp-select usp-multiple\" name=\"user-submitted-category[]\">\n\t\t\t\t<option value=\"\" selected=\"true\" disabled>Please select a category..<\/option>\n\t\t\t\t<option value=\"1\" class=\"usp-cat-parent\">Allgemein<\/option><option value=\"7\" class=\"usp-cat-parent\">Gesundheit<\/option><option value=\"8\" class=\"usp-cat-parent\">Handwerk<\/option><option value=\"10\" class=\"usp-cat-parent\">Leben<\/option><option value=\"13\" class=\"usp-cat-parent\">Pflege<\/option><option value=\"17\" class=\"usp-cat-parent\">Wohnen<\/option>\t\t\t<\/select>\n\t\t<\/fieldset>\n\t\t\t\t\n\t\t<fieldset class=\"usp-content\">\n\t\t\t\t\t\t\n\t\t\t<div class=\"usp_text-editor\">\n\t\t\t<div id=\"wp-uspcontent-wrap\" class=\"wp-core-ui wp-editor-wrap tmce-active\"><link rel='stylesheet' id='dashicons-css' href='https:\/\/lokaldigital.netphen.de\/wp-includes\/css\/dashicons.min.css?ver=6.9.4' media='all' \/>\n<link rel='stylesheet' id='editor-buttons-css' href='https:\/\/lokaldigital.netphen.de\/wp-includes\/css\/editor.min.css?ver=6.9.4' media='all' \/>\n<div id=\"wp-uspcontent-editor-tools\" class=\"wp-editor-tools hide-if-no-js\"><div class=\"wp-editor-tabs\"><button type=\"button\" id=\"uspcontent-tmce\" aria-pressed=\"true\" class=\"wp-switch-editor switch-tmce\" data-wp-editor-id=\"uspcontent\">Visuell<\/button>\n<button type=\"button\" id=\"uspcontent-html\" class=\"wp-switch-editor switch-html\" data-wp-editor-id=\"uspcontent\">Code<\/button>\n<\/div>\n<\/div>\n<div id=\"wp-uspcontent-editor-container\" class=\"wp-editor-container\"><div id=\"qt_uspcontent_toolbar\" class=\"quicktags-toolbar hide-if-no-js\"><\/div><textarea class=\"usp-rich-textarea wp-editor-area\" rows=\"10\" autocomplete=\"off\" cols=\"40\" name=\"user-submitted-content\" id=\"uspcontent\"><\/textarea><\/div>\n<\/div>\n\n\t\t\t\t\n\t\t\t<\/div>\n\t\t\t\t\t\t\n\t\t<\/fieldset>\n\t\t\t\t\t\t\n\t\t<fieldset class=\"usp-images\">\n\t\t\t<label for=\"user-submitted-image\">Upload an Image<\/label>\n\t\t\t<div id=\"usp-upload-message\">Bitte w\u00e4hlen Sie Ihr(e) Bild(er) zum Hochladen aus.<\/div>\n\t\t\t<div id=\"user-submitted-image\">\n\t\t\t\t\t\t\t\n\t\t\t\t<input name=\"user-submitted-image[]\" type=\"file\" size=\"25\" class=\"usp-input usp-clone\" data-parsley-excluded=\"true\" accept=\"image\/*\">\n\t\t\t\t<a href=\"#\" id=\"usp_add-another\" class=\"usp-no-js\">Add another image<\/a>\t\t\t\t\t\t\t\n\t\t\t<\/div>\n\t\t\t<input type=\"hidden\" class=\"usp-hidden\" id=\"usp-min-images\" name=\"usp-min-images\" value=\"0\">\n\t\t\t<input type=\"hidden\" class=\"usp-hidden\" id=\"usp-max-images\" name=\"usp-max-images\" value=\"1\">\n\t\t<\/fieldset>\n\t\t\t\t\t\t\n\t\t<fieldset id=\"usp_verify\" style=\"display:none;\">\n\t\t\t<label for=\"user-submitted-verify\">Human verification: leave this field empty.<\/label>\n\t\t\t<input id=\"user-submitted-verify\" name=\"user-submitted-verify\" type=\"text\" value=\"\" data-parsley-excluded=\"true\">\n\t\t<\/fieldset>\n\t\t\n\t\t<fieldset class=\"usp-checkbox\"><input id=\"user-submitted-checkbox\" name=\"usp_custom_checkbox\" type=\"checkbox\" value=\"\"> <label for=\"user-submitted-checkbox\">Ich stimme den Datenschutzbedingungen der Seite zu und mir ist bewusst das die von mir vorgeschlagene Webseite und Textvorschl\u00e4ge durch das Webseitenteam auf ihre Eignung f\u00fcr die Seite gepr\u00fcft und ggf. textuell nachbearbeitet werden. Sollte der Vorschlag nicht der Ausrichtung der Seite entsprechen, so beh\u00e4lt sich das Webseitenteam vor diesen ohne Angabe von Gr\u00fcnden nicht zu ver\u00f6ffentlichen. Ich best\u00e4tige, die Rechte an \u00fcbersendeten Inhalten (z. B. Bilder) zu besitzen und berechtige das Webseitenteam, besagte Inhalte zu ver\u00f6ffentlichen. Weiter best\u00e4tige ich, dass die dargestellten Inhalte nicht die Rechte Dritter (z. B. Recht am eigenen Bild, Eigentumsrecht) verletzen.<\/label><\/fieldset>\t\t\n\t\t<div id=\"usp-submit\">\n\t\t\t\t\t\t\t\t\t\t\t\t\t\t\t\t\t\t\n\t\t\t<input type=\"submit\" class=\"usp-submit\" id=\"user-submitted-post\" name=\"user-submitted-post\" value=\"Submit Post\">\n\t\t\t<input type=\"hidden\" id=\"usp-nonce\" name=\"usp-nonce\" value=\"0c89cd05a2\" \/>\t\t\t\n\t\t<\/div>\n\t\t\n\t<\/form>\n<\/div>\n<script>(function(){var e = document.getElementById('usp_verify'); if(e) e.parentNode.removeChild(e);})();<\/script>\n\n\n","protected":false},"excerpt":{"rendered":"<p>Sie m\u00f6chten uns auf ein bestehendes Web-Angebot hinweisen und um dessen Aufnahme in unser Informationsangebot bitten? Dann nutzen Sie gerne den Beitrags-Assistent zur Mitwirkung! Beitrags-Assistent Nutzen Sie bitte das folgende Formular zum Vorschlagen neuer Beitr\u00e4ge, welche aus Ihrer Sicht unter dieser Webseite ver\u00f6ffentlicht werden sollten. Wir pr\u00fcfen diese gerne und geben diese bei inhaltlicher Passung [&hellip;]<\/p>\n","protected":false},"author":10,"featured_media":0,"parent":0,"menu_order":0,"comment_status":"closed","ping_status":"closed","template":"","meta":{"footnotes":""},"class_list":["post-1151","page","type-page","status-publish","hentry"],"blocksy_meta":{"styles_descriptor":{"styles":{"desktop":"","tablet":"","mobile":""},"google_fonts":[],"version":6}},"_links":{"self":[{"href":"https:\/\/lokaldigital.netphen.de\/index.php?rest_route=\/wp\/v2\/pages\/1151","targetHints":{"allow":["GET"]}}],"collection":[{"href":"https:\/\/lokaldigital.netphen.de\/index.php?rest_route=\/wp\/v2\/pages"}],"about":[{"href":"https:\/\/lokaldigital.netphen.de\/index.php?rest_route=\/wp\/v2\/types\/page"}],"author":[{"embeddable":true,"href":"https:\/\/lokaldigital.netphen.de\/index.php?rest_route=\/wp\/v2\/users\/10"}],"replies":[{"embeddable":true,"href":"https:\/\/lokaldigital.netphen.de\/index.php?rest_route=%2Fwp%2Fv2%2Fcomments&post=1151"}],"version-history":[{"count":5,"href":"https:\/\/lokaldigital.netphen.de\/index.php?rest_route=\/wp\/v2\/pages\/1151\/revisions"}],"predecessor-version":[{"id":3189,"href":"https:\/\/lokaldigital.netphen.de\/index.php?rest_route=\/wp\/v2\/pages\/1151\/revisions\/3189"}],"wp:attachment":[{"href":"https:\/\/lokaldigital.netphen.de\/index.php?rest_route=%2Fwp%2Fv2%2Fmedia&parent=1151"}],"curies":[{"name":"wp","href":"https:\/\/api.w.org\/{rel}","templated":true}]}}